{"id":10740,"date":"2025-04-13T15:47:27","date_gmt":"2025-04-13T15:47:27","guid":{"rendered":"https:\/\/wp.ditsolution.net\/techno\/?page_id=10740"},"modified":"2026-04-23T19:57:48","modified_gmt":"2026-04-23T19:57:48","slug":"oferta","status":"publish","type":"page","link":"https:\/\/firewall.net.pl\/index.php\/oferta\/","title":{"rendered":"Instalacje ppo\u017c. i us\u0142ugi techniczne"},"content":{"rendered":"\t\t<div data-elementor-type=\"wp-page\" data-elementor-id=\"10740\" class=\"elementor elementor-10740\">\n\t\t\t\t\t\t<section class=\"elementor-section elementor-top-section elementor-element elementor-element-6bdbdf6 elementor-section-boxed elementor-section-height-default elementor-section-height-default\" data-id=\"6bdbdf6\" data-element_type=\"section\" data-e-type=\"section\" data-settings=\"{&quot;background_background&quot;:&quot;classic&quot;}\">\n\t\t\t\t\t\t\t<div class=\"elementor-background-overlay\"><\/div>\n\t\t\t\t\t\t\t<div class=\"elementor-container elementor-column-gap-default\">\n\t\t\t\t\t<div class=\"elementor-column elementor-col-100 elementor-top-column elementor-element elementor-element-c6e5ddb\" data-id=\"c6e5ddb\" data-element_type=\"column\" data-e-type=\"column\">\n\t\t\t<div class=\"elementor-widget-wrap elementor-element-populated\">\n\t\t\t\t\t\t<section class=\"elementor-section elementor-inner-section elementor-element elementor-element-6788afd elementor-section-boxed elementor-section-height-default elementor-section-height-default\" data-id=\"6788afd\" data-element_type=\"section\" data-e-type=\"section\">\n\t\t\t\t\t\t<div class=\"elementor-container elementor-column-gap-default\">\n\t\t\t\t\t<div class=\"elementor-column elementor-col-100 elementor-inner-column elementor-element elementor-element-f011af8\" data-id=\"f011af8\" data-element_type=\"column\" data-e-type=\"column\">\n\t\t\t<div class=\"elementor-widget-wrap elementor-element-populated\">\n\t\t\t\t\n\n\n\t\t<div class=\"elementor-element elementor-element-1f18e71 elementor-widget elementor-widget-section-title\" data-id=\"1f18e71\" data-element_type=\"widget\" data-e-type=\"widget\" data-widget_type=\"section-title.default\">\n\t\t\t\t<div class=\"elementor-widget-container\">\n\t\t\t\t\t\r\n\t\t\r\n\t\t\t<div class=\"section-title style1 center\">\r\n\t\t\t\t \r\n\t\t\t\t\t<h5 class=\"subtitle text-anime-3\">ZAKRES US\u0141UG<\/h5>\r\n\t\t\t\t\t\t\t\t\r\n\t\t\t\t \r\n\t\t\t\t\t<h3 class=\"title text-anime-3\">Profesjonalne rozwi\u0105zania<\/h3>\r\n\t\t\t\t\t\t\t\t \r\n\t\t\t\t\t<h2 class=\"title-two text-anime-3\">w zakresie ochrony przeciwpo\u017carowy.<\/h2>\r\n\t\t\t\t\t\t\t\t\t\t\t\t<div class=\"bar-main\">\r\n\t\t\t\t\t<div class=\"bar bar-big\"><\/div>\r\n\t\t\t\t<\/div>\r\n\t\t\t\t\t\t\t\t \r\n\t\t\t\t\t<p class=\"description\">Nie ka\u017cdy klient potrzebuje pe\u0142nej obs\u0142ugi. Dla jednych jeste\u015bmy partnerem od ca\u0142ego procesu, dla innych doradc\u0105, rzeczoznawc\u0105, wykonawc\u0105 lub zespo\u0142em serwisowym. Zawsze dzia\u0142amy w tym samym celu: zapewni\u0107 bezpiecze\u0144stwo, zgodno\u015b\u0107 z przepisami i realn\u0105 kontrol\u0119 ryzyka.<\/p>\r\n\t\t\t\t\t\t\t<\/div>\r\n\r\n\t\t\r\n\t\t\t\t\t\t<\/div>\n\t\t\t\t<\/div>\n\t\t\t\t\t<\/div>\n\t\t<\/div>\n\t\t\t\t\t<\/div>\n\t\t<\/section>\n\t\t\t\t<section class=\"elementor-section elementor-inner-section elementor-element elementor-element-897a1d3 elementor-section-boxed elementor-section-height-default elementor-section-height-default\" data-id=\"897a1d3\" data-element_type=\"section\" data-e-type=\"section\">\n\t\t\t\t\t\t<div class=\"elementor-container elementor-column-gap-default\">\n\t\t\t\t\t<div class=\"elementor-column elementor-col-33 elementor-inner-column elementor-element elementor-element-89a785e\" data-id=\"89a785e\" data-element_type=\"column\" data-e-type=\"column\">\n\t\t\t<div class=\"elementor-widget-wrap elementor-element-populated\">\n\t\t\t\t\t\t<div class=\"elementor-element elementor-element-1da4f5e elementor-widget elementor-widget-service\" data-id=\"1da4f5e\" data-element_type=\"widget\" data-e-type=\"widget\" data-widget_type=\"service.default\">\n\t\t\t\t<div class=\"elementor-widget-container\">\n\t\t\t\t\t\r\n\t\t\r\n\t\t\t<div class=\"service-box style2\">\r\n\t\t\t\t<div class=\"service-number\">\r\n\t\t\t\t\t\t\t\t\t<\/div>\r\n\t\t\t\t<div class=\"icon\">\r\n\t\t\t\t\t\t\t\t\t\t\t<i aria-hidden=\"true\" class=\"flaticon flaticon-pen\"><\/i>\t\t\t\t\t\t\t\t\t<\/div>\r\n\t\t\t\t<div class=\"content\">\r\n\t\t\t\t\t \r\n\t\t\t\t\t\t<h3 class=\"title\">Projektowanie<\/h3>\r\n\t\t\t\t\t\t\t\t\t\t\t\t\t\t\t\t<p class=\"description\">Tworzymy dokumentacj\u0119 i koncepcje dopasowane do specyfiki inwestycji.<\/p>\r\n\t\t\t\t\t\t\t\t\t\t\t\t\t\t\t\t<div class=\"service-btn\">\r\n\t\t\t\t\t\t\t<a href=\"https:\/\/firewall.net.pl\/index.php\/oferta\/projektowanie\/\">\r\n\t\t\t\t\t\t\t\tDOWIEDZ SI\u0118 WI\u0118CEJ\t\t\t\t\t\t\t\t<i aria-hidden=\"true\" class=\"flaticon flaticon-right-arrow\"><\/i>\t\t\t\t\t\t\t<\/a>\r\n\t\t\t\t\t\t<\/div>\r\n\t\t\t\t\t\t\t\t\t<\/div>\r\n\t\t\t<\/div>\r\n\t\t\t\t\t\t<\/div>\n\t\t\t\t<\/div>\n\t\t\t\t\t<\/div>\n\t\t<\/div>\n\t\t\t\t<div class=\"elementor-column elementor-col-33 elementor-inner-column elementor-element elementor-element-5a1e709\" data-id=\"5a1e709\" data-element_type=\"column\" data-e-type=\"column\">\n\t\t\t<div class=\"elementor-widget-wrap elementor-element-populated\">\n\t\t\t\t\t\t<div class=\"elementor-element elementor-element-802d6a8 elementor-widget elementor-widget-service\" data-id=\"802d6a8\" data-element_type=\"widget\" data-e-type=\"widget\" data-widget_type=\"service.default\">\n\t\t\t\t<div class=\"elementor-widget-container\">\n\t\t\t\t\t\r\n\t\t\r\n\t\t\t<div class=\"service-box style2\">\r\n\t\t\t\t<div class=\"service-number\">\r\n\t\t\t\t\t\t\t\t\t<\/div>\r\n\t\t\t\t<div class=\"icon\">\r\n\t\t\t\t\t\t\t\t\t\t\t<i aria-hidden=\"true\" class=\"flaticon flaticon-connection\"><\/i>\t\t\t\t\t\t\t\t\t<\/div>\r\n\t\t\t\t<div class=\"content\">\r\n\t\t\t\t\t \r\n\t\t\t\t\t\t<h3 class=\"title\">Wykonawstwo<\/h3>\r\n\t\t\t\t\t\t\t\t\t\t\t\t\t\t\t\t<p class=\"description\">Montujemy i uruchamiamy systemy tryskaczowe, hydrantowe i pompownie.\n\n<\/p>\r\n\t\t\t\t\t\t\t\t\t\t\t\t\t\t\t\t<div class=\"service-btn\">\r\n\t\t\t\t\t\t\t<a href=\"https:\/\/firewall.net.pl\/index.php\/wykonawstwo\/\">\r\n\t\t\t\t\t\t\t\tDOWIEDZ SI\u0118 WI\u0118CEJ\t\t\t\t\t\t\t\t<i aria-hidden=\"true\" class=\"flaticon flaticon-right-arrow\"><\/i>\t\t\t\t\t\t\t<\/a>\r\n\t\t\t\t\t\t<\/div>\r\n\t\t\t\t\t\t\t\t\t<\/div>\r\n\t\t\t<\/div>\r\n\t\t\t\t\t\t<\/div>\n\t\t\t\t<\/div>\n\t\t\t\t\t<\/div>\n\t\t<\/div>\n\t\t\t\t<div class=\"elementor-column elementor-col-33 elementor-inner-column elementor-element elementor-element-85343b4\" data-id=\"85343b4\" data-element_type=\"column\" data-e-type=\"column\">\n\t\t\t<div class=\"elementor-widget-wrap elementor-element-populated\">\n\t\t\t\t\t\t<div class=\"elementor-element elementor-element-1def423 elementor-widget elementor-widget-service\" data-id=\"1def423\" data-element_type=\"widget\" data-e-type=\"widget\" data-widget_type=\"service.default\">\n\t\t\t\t<div class=\"elementor-widget-container\">\n\t\t\t\t\t\r\n\t\t\r\n\t\t\t<div class=\"service-box style2\">\r\n\t\t\t\t<div class=\"service-number\">\r\n\t\t\t\t\t\t\t\t\t<\/div>\r\n\t\t\t\t<div class=\"icon\">\r\n\t\t\t\t\t\t\t\t\t\t\t<i aria-hidden=\"true\" class=\"flaticon flaticon-customer-support\"><\/i>\t\t\t\t\t\t\t\t\t<\/div>\r\n\t\t\t\t<div class=\"content\">\r\n\t\t\t\t\t \r\n\t\t\t\t\t\t<h3 class=\"title\">Serwis i konserwacja<\/h3>\r\n\t\t\t\t\t\t\t\t\t\t\t\t\t\t\t\t<p class=\"description\">Zapewniamy sta\u0142\u0105 gotowo\u015b\u0107 techniczn\u0105 i wsparcie w sytuacjach awaryjnych.\n<\/p>\r\n\t\t\t\t\t\t\t\t\t\t\t\t\t\t\t\t<div class=\"service-btn\">\r\n\t\t\t\t\t\t\t<a href=\"https:\/\/firewall.net.pl\/index.php\/serwis\/\">\r\n\t\t\t\t\t\t\t\tDOWIEDZ SI\u0118 WI\u0118CEJ\t\t\t\t\t\t\t\t<i aria-hidden=\"true\" class=\"flaticon flaticon-right-arrow\"><\/i>\t\t\t\t\t\t\t<\/a>\r\n\t\t\t\t\t\t<\/div>\r\n\t\t\t\t\t\t\t\t\t<\/div>\r\n\t\t\t<\/div>\r\n\t\t\t\t\t\t<\/div>\n\t\t\t\t<\/div>\n\t\t\t\t\t<\/div>\n\t\t<\/div>\n\t\t\t\t\t<\/div>\n\t\t<\/section>\n\t\t\t\t<section class=\"elementor-section elementor-inner-section elementor-element elementor-element-b0a6d85 elementor-section-boxed elementor-section-height-default elementor-section-height-default\" data-id=\"b0a6d85\" data-element_type=\"section\" data-e-type=\"section\">\n\t\t\t\t\t\t<div class=\"elementor-container elementor-column-gap-default\">\n\t\t\t\t\t<div class=\"elementor-column elementor-col-33 elementor-inner-column elementor-element elementor-element-f949e4f\" data-id=\"f949e4f\" data-element_type=\"column\" data-e-type=\"column\">\n\t\t\t<div class=\"elementor-widget-wrap elementor-element-populated\">\n\t\t\t\t\t\t<div class=\"elementor-element elementor-element-3aacc01 elementor-widget elementor-widget-service\" data-id=\"3aacc01\" data-element_type=\"widget\" data-e-type=\"widget\" data-widget_type=\"service.default\">\n\t\t\t\t<div class=\"elementor-widget-container\">\n\t\t\t\t\t\r\n\t\t\r\n\t\t\t<div class=\"service-box style2\">\r\n\t\t\t\t<div class=\"service-number\">\r\n\t\t\t\t\t\t\t\t\t<\/div>\r\n\t\t\t\t<div class=\"icon\">\r\n\t\t\t\t\t\t\t\t\t\t\t<i aria-hidden=\"true\" class=\"flaticon flaticon-support-6\"><\/i>\t\t\t\t\t\t\t\t\t<\/div>\r\n\t\t\t\t<div class=\"content\">\r\n\t\t\t\t\t \r\n\t\t\t\t\t\t<h3 class=\"title\">Sprzeda\u017c urz\u0105dze\u0144 ppo\u017c.<\/h3>\r\n\t\t\t\t\t\t\t\t\t\t\t\t\t\t\t\t<p class=\"description\">Oferujemy wysokiej jako\u015bci komponenty: czujniki, zawory, armatur\u0119, systemy detekcji.<\/p>\r\n\t\t\t\t\t\t\t\t\t\t\t\t\t\t\t\t<div class=\"service-btn\">\r\n\t\t\t\t\t\t\t<a href=\"https:\/\/firewall.net.pl\/index.php\/sprzedaz\/\">\r\n\t\t\t\t\t\t\t\tDOWIEDZ SI\u0118 WI\u0118CEJ\t\t\t\t\t\t\t\t<i aria-hidden=\"true\" class=\"flaticon flaticon-right-arrow\"><\/i>\t\t\t\t\t\t\t<\/a>\r\n\t\t\t\t\t\t<\/div>\r\n\t\t\t\t\t\t\t\t\t<\/div>\r\n\t\t\t<\/div>\r\n\t\t\t\t\t\t<\/div>\n\t\t\t\t<\/div>\n\t\t\t\t\t<\/div>\n\t\t<\/div>\n\t\t\t\t<div class=\"elementor-column elementor-col-33 elementor-inner-column elementor-element elementor-element-5de238b\" data-id=\"5de238b\" data-element_type=\"column\" data-e-type=\"column\">\n\t\t\t<div class=\"elementor-widget-wrap elementor-element-populated\">\n\t\t\t\t\t\t<div class=\"elementor-element elementor-element-16d6581 elementor-widget elementor-widget-service\" data-id=\"16d6581\" data-element_type=\"widget\" data-e-type=\"widget\" data-widget_type=\"service.default\">\n\t\t\t\t<div class=\"elementor-widget-container\">\n\t\t\t\t\t\r\n\t\t\r\n\t\t\t<div class=\"service-box style2\">\r\n\t\t\t\t<div class=\"service-number\">\r\n\t\t\t\t\t\t\t\t\t<\/div>\r\n\t\t\t\t<div class=\"icon\">\r\n\t\t\t\t\t\t\t\t\t\t\t<i aria-hidden=\"true\" class=\"flaticon flaticon-monitor\"><\/i>\t\t\t\t\t\t\t\t\t<\/div>\r\n\t\t\t\t<div class=\"content\">\r\n\t\t\t\t\t \r\n\t\t\t\t\t\t<h3 class=\"title\">Rzeczoznawstwo ds. przeciwpo\u017carowy<\/h3>\r\n\t\t\t\t\t\t\t\t\t\t\t\t\t\t\t\t<p class=\"description\">Pomagamy kompleksowo w odbiorach, audytach oraz dokumentacji technicznej.\n<\/p>\r\n\t\t\t\t\t\t\t\t\t\t\t\t\t\t\t\t<div class=\"service-btn\">\r\n\t\t\t\t\t\t\t<a href=\"https:\/\/firewall.net.pl\/index.php\/rzeczoznawstwo\/\">\r\n\t\t\t\t\t\t\t\tDOWIEDZ SI\u0118 WI\u0118CEJ\t\t\t\t\t\t\t\t<i aria-hidden=\"true\" class=\"flaticon flaticon-right-arrow\"><\/i>\t\t\t\t\t\t\t<\/a>\r\n\t\t\t\t\t\t<\/div>\r\n\t\t\t\t\t\t\t\t\t<\/div>\r\n\t\t\t<\/div>\r\n\t\t\t\t\t\t<\/div>\n\t\t\t\t<\/div>\n\t\t\t\t\t<\/div>\n\t\t<\/div>\n\t\t\t\t<div class=\"elementor-column elementor-col-33 elementor-inner-column elementor-element elementor-element-4a67891\" data-id=\"4a67891\" data-element_type=\"column\" data-e-type=\"column\">\n\t\t\t<div class=\"elementor-widget-wrap elementor-element-populated\">\n\t\t\t\t\t\t<div class=\"elementor-element elementor-element-d1b1bbc elementor-widget elementor-widget-service\" data-id=\"d1b1bbc\" data-element_type=\"widget\" data-e-type=\"widget\" data-widget_type=\"service.default\">\n\t\t\t\t<div class=\"elementor-widget-container\">\n\t\t\t\t\t\r\n\t\t\r\n\t\t\t<div class=\"service-box style2\">\r\n\t\t\t\t<div class=\"service-number\">\r\n\t\t\t\t\t\t\t\t\t<\/div>\r\n\t\t\t\t<div class=\"icon\">\r\n\t\t\t\t\t\t\t\t\t\t\t<i aria-hidden=\"true\" class=\"flaticon flaticon-project-management\"><\/i>\t\t\t\t\t\t\t\t\t<\/div>\r\n\t\t\t\t<div class=\"content\">\r\n\t\t\t\t\t \r\n\t\t\t\t\t\t<h3 class=\"title\">Szkolenia<\/h3>\r\n\t\t\t\t\t\t\t\t\t\t\t\t\t\t\t\t<p class=\"description\">Edukujemy Twoich pracownik\u00f3w i przygotowujemy firm\u0119 na kontrole i inspekcje.\n\n<\/p>\r\n\t\t\t\t\t\t\t\t\t\t\t\t\t\t\t\t<div class=\"service-btn\">\r\n\t\t\t\t\t\t\t<a href=\"https:\/\/firewall.net.pl\/index.php\/szkolenia\/\">\r\n\t\t\t\t\t\t\t\tDOWIEDZ SI\u0118 WI\u0118CEJ\t\t\t\t\t\t\t\t<i aria-hidden=\"true\" class=\"flaticon flaticon-right-arrow\"><\/i>\t\t\t\t\t\t\t<\/a>\r\n\t\t\t\t\t\t<\/div>\r\n\t\t\t\t\t\t\t\t\t<\/div>\r\n\t\t\t<\/div>\r\n\t\t\t\t\t\t<\/div>\n\t\t\t\t<\/div>\n\t\t\t\t\t<\/div>\n\t\t<\/div>\n\t\t\t\t\t<\/div>\n\t\t<\/section>\n\t\t\t\t\t<\/div>\n\t\t<\/div>\n\t\t\t\t\t<\/div>\n\t\t<\/section>\n\t\t\t\t<\/div>\n\t\t","protected":false},"excerpt":{"rendered":"<p>ZAKRES US\u0141UG Profesjonalne rozwi\u0105zania w zakresie ochrony przeciwpo\u017carowy. Nie ka\u017cdy klient potrzebuje pe\u0142nej obs\u0142ugi. Dla jednych jeste\u015bmy partnerem od ca\u0142ego procesu, dla innych doradc\u0105, rzeczoznawc\u0105, wykonawc\u0105 lub zespo\u0142em serwisowym. Zawsze dzia\u0142amy w tym samym celu: zapewni\u0107 bezpiecze\u0144stwo, zgodno\u015b\u0107 z przepisami i realn\u0105 kontrol\u0119 ryzyka. Projektowanie Tworzymy dokumentacj\u0119 i koncepcje dopasowane do specyfiki inwestycji. DOWIEDZ SI\u0118 [&hellip;]<\/p>\n","protected":false},"author":1,"featured_media":0,"parent":0,"menu_order":0,"comment_status":"closed","ping_status":"closed","template":"page-templates\/template-default.php","meta":{"footnotes":""},"class_list":["post-10740","page","type-page","status-publish","hentry"],"_links":{"self":[{"href":"https:\/\/firewall.net.pl\/index.php\/wp-json\/wp\/v2\/pages\/10740","targetHints":{"allow":["GET"]}}],"collection":[{"href":"https:\/\/firewall.net.pl\/index.php\/wp-json\/wp\/v2\/pages"}],"about":[{"href":"https:\/\/firewall.net.pl\/index.php\/wp-json\/wp\/v2\/types\/page"}],"author":[{"embeddable":true,"href":"https:\/\/firewall.net.pl\/index.php\/wp-json\/wp\/v2\/users\/1"}],"replies":[{"embeddable":true,"href":"https:\/\/firewall.net.pl\/index.php\/wp-json\/wp\/v2\/comments?post=10740"}],"version-history":[{"count":49,"href":"https:\/\/firewall.net.pl\/index.php\/wp-json\/wp\/v2\/pages\/10740\/revisions"}],"predecessor-version":[{"id":22151,"href":"https:\/\/firewall.net.pl\/index.php\/wp-json\/wp\/v2\/pages\/10740\/revisions\/22151"}],"wp:attachment":[{"href":"https:\/\/firewall.net.pl\/index.php\/wp-json\/wp\/v2\/media?parent=10740"}],"curies":[{"name":"wp","href":"https:\/\/api.w.org\/{rel}","templated":true}]}}