{"id":20787,"date":"2026-03-16T12:58:58","date_gmt":"2026-03-16T12:58:58","guid":{"rendered":"https:\/\/gpsmdlngbf.cfolks.pl\/?page_id=20787"},"modified":"2026-04-15T16:29:57","modified_gmt":"2026-04-15T16:29:57","slug":"projektowanie","status":"publish","type":"page","link":"https:\/\/firewall.net.pl\/index.php\/oferta\/projektowanie\/","title":{"rendered":"Projektowanie"},"content":{"rendered":"\t\t<div data-elementor-type=\"wp-page\" data-elementor-id=\"20787\" class=\"elementor elementor-20787\">\n\t\t\t\t\n\n\n<div class=\"elementor-element elementor-element-1d81c77 e-flex e-con-boxed e-con e-parent\" data-id=\"1d81c77\" data-element_type=\"container\" data-e-type=\"container\" data-settings=\"{&quot;background_background&quot;:&quot;classic&quot;}\">\n\t\t\t\t\t<div class=\"e-con-inner\">\n\t\t\n\n\n\t\t<div class=\"elementor-element elementor-element-1e1b3be elementor-widget elementor-widget-section-title\" data-id=\"1e1b3be\" data-element_type=\"widget\" data-e-type=\"widget\" data-widget_type=\"section-title.default\">\n\t\t\t\t<div class=\"elementor-widget-container\">\n\t\t\t\t\t\r\n\t\t\r\n\t\t\t<div class=\"section-title style1 center\">\r\n\t\t\t\t \r\n\t\t\t\t\t<h5 class=\"subtitle text-anime-3\">Bezpieczny projekt. Sprawna realizacja. Spokojne odbiory.<\/h5>\r\n\t\t\t\t\t\t\t\t\r\n\t\t\t\t \r\n\t\t\t\t\t<h3 class=\"title text-anime-3\">Projektowanie instalacji przeciwpo\u017carowych<\/h3>\r\n\t\t\t\t\t\t\t\t\t\t\t\t\t\t\t\t<div class=\"bar-main\">\r\n\t\t\t\t\t<div class=\"bar bar-big\"><\/div>\r\n\t\t\t\t<\/div>\r\n\t\t\t\t\t\t\t\t \r\n\t\t\t\t\t<p class=\"description\">Projektujemy instalacje przeciwpo\u017carowe w spos\u00f3b odpowiedzialny i praktyczny \u2014 tak, aby by\u0142y zgodne z przepisami, mo\u017cliwe do wykonania i skuteczne w realnych warunkach u\u017cytkowania obiektu.<\/p>\r\n\t\t\t\t\t\t\t<\/div>\r\n\r\n\t\t\r\n\t\t\t\t\t\t<\/div>\n\t\t\t\t<\/div>\n\t\t\t\t\t<\/div>\n\t\t\t\t<\/div>\n\t\t<div class=\"elementor-element elementor-element-ceae8f8 e-flex e-con-boxed e-con e-parent\" data-id=\"ceae8f8\" data-element_type=\"container\" data-e-type=\"container\" data-settings=\"{&quot;background_background&quot;:&quot;classic&quot;}\">\n\t\t\t\t\t<div class=\"e-con-inner\">\n\t\t<div class=\"elementor-element elementor-element-f0f7312 e-con-full e-flex elementor-invisible e-con e-child\" data-id=\"f0f7312\" data-element_type=\"container\" data-e-type=\"container\" data-settings=\"{&quot;background_background&quot;:&quot;classic&quot;,&quot;animation&quot;:&quot;fadeInLeft&quot;}\">\n\t\t\t\t<div class=\"elementor-element elementor-element-49f19c0 elementor-widget elementor-widget-heading\" data-id=\"49f19c0\" data-element_type=\"widget\" data-e-type=\"widget\" data-widget_type=\"heading.default\">\n\t\t\t\t\t<h2 class=\"elementor-heading-title elementor-size-default\">Dla Kogo<\/h2>\t\t\t\t<\/div>\n\t\t\t\t<div class=\"elementor-element elementor-element-9c8b8b7 elementor-widget elementor-widget-text-editor\" data-id=\"9c8b8b7\" data-element_type=\"widget\" data-e-type=\"widget\" data-widget_type=\"text-editor.default\">\n\t\t\t\t\t\t\t\t\t<p>Projektowanie kierujemy do inwestor\u00f3w, generalnych wykonawc\u00f3w, projektant\u00f3w oraz w\u0142a\u015bcicieli obiekt\u00f3w planuj\u0105cych now\u0105 inwestycj\u0119, modernizacj\u0119 lub dostosowanie obiektu do aktualnych wymaga\u0144 PPO\u017b.<\/p>\t\t\t\t\t\t\t\t<\/div>\n\t\t\t\t<\/div>\n\t\t<div class=\"elementor-element elementor-element-4b253b5 e-con-full e-flex elementor-invisible e-con e-child\" data-id=\"4b253b5\" data-element_type=\"container\" data-e-type=\"container\" data-settings=\"{&quot;background_background&quot;:&quot;classic&quot;,&quot;animation&quot;:&quot;fadeInRight&quot;}\">\n\t\t\t\t<div class=\"elementor-element elementor-element-99da18f elementor-widget elementor-widget-heading\" data-id=\"99da18f\" data-element_type=\"widget\" data-e-type=\"widget\" data-widget_type=\"heading.default\">\n\t\t\t\t\t<h2 class=\"elementor-heading-title elementor-size-default\">Dlaczego FIRE-WALL<\/h2>\t\t\t\t<\/div>\n\t\t\t\t<div class=\"elementor-element elementor-element-0f8766c elementor-widget elementor-widget-text-editor\" data-id=\"0f8766c\" data-element_type=\"widget\" data-e-type=\"widget\" data-widget_type=\"text-editor.default\">\n\t\t\t\t\t\t\t\t\t<p>\u0141\u0105czymy kompetencje projektowe i rzeczoznawcze z do\u015bwiadczeniem wykonawczym i serwisowym, dzi\u0119ki czemu projektujemy rozwi\u0105zania, kt\u00f3re s\u0105 nie tylko poprawne formalnie, ale te\u017c wykonalne i bezpieczne w eksploatacji.<\/p>\t\t\t\t\t\t\t\t<\/div>\n\t\t\t\t<\/div>\n\t\t\t\t\t<\/div>\n\t\t\t\t<\/div>\n\t\t<div class=\"elementor-element elementor-element-9b71e6c e-flex e-con-boxed e-con e-parent\" data-id=\"9b71e6c\" data-element_type=\"container\" data-e-type=\"container\" data-settings=\"{&quot;background_background&quot;:&quot;classic&quot;}\">\n\t\t\t\t\t<div class=\"e-con-inner\">\n\t\t<div class=\"elementor-element elementor-element-d481bc9 e-con-full e-flex elementor-invisible e-con e-child\" data-id=\"d481bc9\" data-element_type=\"container\" data-e-type=\"container\" data-settings=\"{&quot;background_background&quot;:&quot;classic&quot;,&quot;animation&quot;:&quot;fadeInLeft&quot;}\">\n\t\t\t\t<div class=\"elementor-element elementor-element-753660d elementor-widget elementor-widget-heading\" data-id=\"753660d\" data-element_type=\"widget\" data-e-type=\"widget\" data-widget_type=\"heading.default\">\n\t\t\t\t\t<h2 class=\"elementor-heading-title elementor-size-default\">Co zyskuje klient<\/h2>\t\t\t\t<\/div>\n\t\t\t\t<div class=\"elementor-element elementor-element-99dfd5d elementor-icon-list--layout-traditional elementor-list-item-link-full_width elementor-widget elementor-widget-icon-list\" data-id=\"99dfd5d\" data-element_type=\"widget\" data-e-type=\"widget\" data-widget_type=\"icon-list.default\">\n\t\t\t\t\t\t\t<ul class=\"elementor-icon-list-items\">\n\t\t\t\t\t\t\t<li class=\"elementor-icon-list-item\">\n\t\t\t\t\t\t\t\t\t\t\t<span class=\"elementor-icon-list-icon\">\n\t\t\t\t\t\t\t<svg aria-hidden=\"true\" class=\"e-font-icon-svg e-fas-check-circle\" viewBox=\"0 0 512 512\" xmlns=\"http:\/\/www.w3.org\/2000\/svg\"><path d=\"M504 256c0 136.967-111.033 248-248 248S8 392.967 8 256 119.033 8 256 8s248 111.033 248 248zM227.314 387.314l184-184c6.248-6.248 6.248-16.379 0-22.627l-22.627-22.627c-6.248-6.249-16.379-6.249-22.628 0L216 308.118l-70.059-70.059c-6.248-6.248-16.379-6.248-22.628 0l-22.627 22.627c-6.248 6.248-6.248 16.379 0 22.627l104 104c6.249 6.249 16.379 6.249 22.628.001z\"><\/path><\/svg>\t\t\t\t\t\t<\/span>\n\t\t\t\t\t\t\t\t\t\t<span class=\"elementor-icon-list-text\">mniejsze ryzyko poprawek na etapie realizacji,<\/span>\n\t\t\t\t\t\t\t\t\t<\/li>\n\t\t\t\t\t\t\t\t<li class=\"elementor-icon-list-item\">\n\t\t\t\t\t\t\t\t\t\t\t<span class=\"elementor-icon-list-icon\">\n\t\t\t\t\t\t\t<svg aria-hidden=\"true\" class=\"e-font-icon-svg e-fas-check-circle\" viewBox=\"0 0 512 512\" xmlns=\"http:\/\/www.w3.org\/2000\/svg\"><path d=\"M504 256c0 136.967-111.033 248-248 248S8 392.967 8 256 119.033 8 256 8s248 111.033 248 248zM227.314 387.314l184-184c6.248-6.248 6.248-16.379 0-22.627l-22.627-22.627c-6.248-6.249-16.379-6.249-22.628 0L216 308.118l-70.059-70.059c-6.248-6.248-16.379-6.248-22.628 0l-22.627 22.627c-6.248 6.248-6.248 16.379 0 22.627l104 104c6.249 6.249 16.379 6.249 22.628.001z\"><\/path><\/svg>\t\t\t\t\t\t<\/span>\n\t\t\t\t\t\t\t\t\t\t<span class=\"elementor-icon-list-text\">sprawniejszy proces uzgodnie\u0144 i odbior\u00f3w,<\/span>\n\t\t\t\t\t\t\t\t\t<\/li>\n\t\t\t\t\t\t\t\t<li class=\"elementor-icon-list-item\">\n\t\t\t\t\t\t\t\t\t\t\t<span class=\"elementor-icon-list-icon\">\n\t\t\t\t\t\t\t<svg aria-hidden=\"true\" class=\"e-font-icon-svg e-fas-check-circle\" viewBox=\"0 0 512 512\" xmlns=\"http:\/\/www.w3.org\/2000\/svg\"><path d=\"M504 256c0 136.967-111.033 248-248 248S8 392.967 8 256 119.033 8 256 8s248 111.033 248 248zM227.314 387.314l184-184c6.248-6.248 6.248-16.379 0-22.627l-22.627-22.627c-6.248-6.249-16.379-6.249-22.628 0L216 308.118l-70.059-70.059c-6.248-6.248-16.379-6.248-22.628 0l-22.627 22.627c-6.248 6.248-6.248 16.379 0 22.627l104 104c6.249 6.249 16.379 6.249 22.628.001z\"><\/path><\/svg>\t\t\t\t\t\t<\/span>\n\t\t\t\t\t\t\t\t\t\t<span class=\"elementor-icon-list-text\">rozwi\u0105zania dopasowane do specyfiki obiektu,<\/span>\n\t\t\t\t\t\t\t\t\t<\/li>\n\t\t\t\t\t\t\t\t<li class=\"elementor-icon-list-item\">\n\t\t\t\t\t\t\t\t\t\t\t<span class=\"elementor-icon-list-icon\">\n\t\t\t\t\t\t\t<svg aria-hidden=\"true\" class=\"e-font-icon-svg e-fas-check-circle\" viewBox=\"0 0 512 512\" xmlns=\"http:\/\/www.w3.org\/2000\/svg\"><path d=\"M504 256c0 136.967-111.033 248-248 248S8 392.967 8 256 119.033 8 256 8s248 111.033 248 248zM227.314 387.314l184-184c6.248-6.248 6.248-16.379 0-22.627l-22.627-22.627c-6.248-6.249-16.379-6.249-22.628 0L216 308.118l-70.059-70.059c-6.248-6.248-16.379-6.248-22.628 0l-22.627 22.627c-6.248 6.248-6.248 16.379 0 22.627l104 104c6.249 6.249 16.379 6.249 22.628.001z\"><\/path><\/svg>\t\t\t\t\t\t<\/span>\n\t\t\t\t\t\t\t\t\t\t<span class=\"elementor-icon-list-text\">wsparcie zespo\u0142u, kt\u00f3ry rozumie projekt, wykonanie i p\u00f3\u017aniejsz\u0105 eksploatacj\u0119.<\/span>\n\t\t\t\t\t\t\t\t\t<\/li>\n\t\t\t\t\t\t<\/ul>\n\t\t\t\t\t\t<\/div>\n\t\t\t\t<\/div>\n\t\t<div class=\"elementor-element elementor-element-3fbc8d8 e-con-full e-flex elementor-invisible e-con e-child\" data-id=\"3fbc8d8\" data-element_type=\"container\" data-e-type=\"container\" data-settings=\"{&quot;background_background&quot;:&quot;classic&quot;,&quot;animation&quot;:&quot;fadeInRight&quot;}\">\n\t\t\t\t<div class=\"elementor-element elementor-element-fa06a68 elementor-widget elementor-widget-heading\" data-id=\"fa06a68\" data-element_type=\"widget\" data-e-type=\"widget\" data-widget_type=\"heading.default\">\n\t\t\t\t\t<h2 class=\"elementor-heading-title elementor-size-default\">Zakres projektowania<\/h2>\t\t\t\t<\/div>\n\t\t\t\t<div class=\"elementor-element elementor-element-c9a69bc elementor-icon-list--layout-traditional elementor-list-item-link-full_width elementor-widget elementor-widget-icon-list\" data-id=\"c9a69bc\" data-element_type=\"widget\" data-e-type=\"widget\" data-widget_type=\"icon-list.default\">\n\t\t\t\t\t\t\t<ul class=\"elementor-icon-list-items\">\n\t\t\t\t\t\t\t<li class=\"elementor-icon-list-item\">\n\t\t\t\t\t\t\t\t\t\t\t<span class=\"elementor-icon-list-icon\">\n\t\t\t\t\t\t\t<svg aria-hidden=\"true\" class=\"e-font-icon-svg e-fas-check-circle\" viewBox=\"0 0 512 512\" xmlns=\"http:\/\/www.w3.org\/2000\/svg\"><path d=\"M504 256c0 136.967-111.033 248-248 248S8 392.967 8 256 119.033 8 256 8s248 111.033 248 248zM227.314 387.314l184-184c6.248-6.248 6.248-16.379 0-22.627l-22.627-22.627c-6.248-6.249-16.379-6.249-22.628 0L216 308.118l-70.059-70.059c-6.248-6.248-16.379-6.248-22.628 0l-22.627 22.627c-6.248 6.248-6.248 16.379 0 22.627l104 104c6.249 6.249 16.379 6.249 22.628.001z\"><\/path><\/svg>\t\t\t\t\t\t<\/span>\n\t\t\t\t\t\t\t\t\t\t<span class=\"elementor-icon-list-text\">instalacje tryskaczowe,<\/span>\n\t\t\t\t\t\t\t\t\t<\/li>\n\t\t\t\t\t\t\t\t<li class=\"elementor-icon-list-item\">\n\t\t\t\t\t\t\t\t\t\t\t<span class=\"elementor-icon-list-icon\">\n\t\t\t\t\t\t\t<svg aria-hidden=\"true\" class=\"e-font-icon-svg e-fas-check-circle\" viewBox=\"0 0 512 512\" xmlns=\"http:\/\/www.w3.org\/2000\/svg\"><path d=\"M504 256c0 136.967-111.033 248-248 248S8 392.967 8 256 119.033 8 256 8s248 111.033 248 248zM227.314 387.314l184-184c6.248-6.248 6.248-16.379 0-22.627l-22.627-22.627c-6.248-6.249-16.379-6.249-22.628 0L216 308.118l-70.059-70.059c-6.248-6.248-16.379-6.248-22.628 0l-22.627 22.627c-6.248 6.248-6.248 16.379 0 22.627l104 104c6.249 6.249 16.379 6.249 22.628.001z\"><\/path><\/svg>\t\t\t\t\t\t<\/span>\n\t\t\t\t\t\t\t\t\t\t<span class=\"elementor-icon-list-text\">instalacje hydrantowe,<\/span>\n\t\t\t\t\t\t\t\t\t<\/li>\n\t\t\t\t\t\t\t\t<li class=\"elementor-icon-list-item\">\n\t\t\t\t\t\t\t\t\t\t\t<span class=\"elementor-icon-list-icon\">\n\t\t\t\t\t\t\t<svg aria-hidden=\"true\" class=\"e-font-icon-svg e-fas-check-circle\" viewBox=\"0 0 512 512\" xmlns=\"http:\/\/www.w3.org\/2000\/svg\"><path d=\"M504 256c0 136.967-111.033 248-248 248S8 392.967 8 256 119.033 8 256 8s248 111.033 248 248zM227.314 387.314l184-184c6.248-6.248 6.248-16.379 0-22.627l-22.627-22.627c-6.248-6.249-16.379-6.249-22.628 0L216 308.118l-70.059-70.059c-6.248-6.248-16.379-6.248-22.628 0l-22.627 22.627c-6.248 6.248-6.248 16.379 0 22.627l104 104c6.249 6.249 16.379 6.249 22.628.001z\"><\/path><\/svg>\t\t\t\t\t\t<\/span>\n\t\t\t\t\t\t\t\t\t\t<span class=\"elementor-icon-list-text\">pompownie przeciwpo\u017carowe,<\/span>\n\t\t\t\t\t\t\t\t\t<\/li>\n\t\t\t\t\t\t\t\t<li class=\"elementor-icon-list-item\">\n\t\t\t\t\t\t\t\t\t\t\t<span class=\"elementor-icon-list-icon\">\n\t\t\t\t\t\t\t<svg aria-hidden=\"true\" class=\"e-font-icon-svg e-fas-check-circle\" viewBox=\"0 0 512 512\" xmlns=\"http:\/\/www.w3.org\/2000\/svg\"><path d=\"M504 256c0 136.967-111.033 248-248 248S8 392.967 8 256 119.033 8 256 8s248 111.033 248 248zM227.314 387.314l184-184c6.248-6.248 6.248-16.379 0-22.627l-22.627-22.627c-6.248-6.249-16.379-6.249-22.628 0L216 308.118l-70.059-70.059c-6.248-6.248-16.379-6.248-22.628 0l-22.627 22.627c-6.248 6.248-6.248 16.379 0 22.627l104 104c6.249 6.249 16.379 6.249 22.628.001z\"><\/path><\/svg>\t\t\t\t\t\t<\/span>\n\t\t\t\t\t\t\t\t\t\t<span class=\"elementor-icon-list-text\">pompownie przeciwpo\u017carowe,<\/span>\n\t\t\t\t\t\t\t\t\t<\/li>\n\t\t\t\t\t\t\t\t<li class=\"elementor-icon-list-item\">\n\t\t\t\t\t\t\t\t\t\t\t<span class=\"elementor-icon-list-icon\">\n\t\t\t\t\t\t\t<svg aria-hidden=\"true\" class=\"e-font-icon-svg e-fas-check-circle\" viewBox=\"0 0 512 512\" xmlns=\"http:\/\/www.w3.org\/2000\/svg\"><path d=\"M504 256c0 136.967-111.033 248-248 248S8 392.967 8 256 119.033 8 256 8s248 111.033 248 248zM227.314 387.314l184-184c6.248-6.248 6.248-16.379 0-22.627l-22.627-22.627c-6.248-6.249-16.379-6.249-22.628 0L216 308.118l-70.059-70.059c-6.248-6.248-16.379-6.248-22.628 0l-22.627 22.627c-6.248 6.248-6.248 16.379 0 22.627l104 104c6.249 6.249 16.379 6.249 22.628.001z\"><\/path><\/svg>\t\t\t\t\t\t<\/span>\n\t\t\t\t\t\t\t\t\t\t<span class=\"elementor-icon-list-text\">systemy sygnalizacji po\u017carowej (SSP),<\/span>\n\t\t\t\t\t\t\t\t\t<\/li>\n\t\t\t\t\t\t\t\t<li class=\"elementor-icon-list-item\">\n\t\t\t\t\t\t\t\t\t\t\t<span class=\"elementor-icon-list-icon\">\n\t\t\t\t\t\t\t<svg aria-hidden=\"true\" class=\"e-font-icon-svg e-fas-check-circle\" viewBox=\"0 0 512 512\" xmlns=\"http:\/\/www.w3.org\/2000\/svg\"><path d=\"M504 256c0 136.967-111.033 248-248 248S8 392.967 8 256 119.033 8 256 8s248 111.033 248 248zM227.314 387.314l184-184c6.248-6.248 6.248-16.379 0-22.627l-22.627-22.627c-6.248-6.249-16.379-6.249-22.628 0L216 308.118l-70.059-70.059c-6.248-6.248-16.379-6.248-22.628 0l-22.627 22.627c-6.248 6.248-6.248 16.379 0 22.627l104 104c6.249 6.249 16.379 6.249 22.628.001z\"><\/path><\/svg>\t\t\t\t\t\t<\/span>\n\t\t\t\t\t\t\t\t\t\t<span class=\"elementor-icon-list-text\">d\u017awi\u0119kowe systemy ostrzegawcze (DSO),<\/span>\n\t\t\t\t\t\t\t\t\t<\/li>\n\t\t\t\t\t\t\t\t<li class=\"elementor-icon-list-item\">\n\t\t\t\t\t\t\t\t\t\t\t<span class=\"elementor-icon-list-icon\">\n\t\t\t\t\t\t\t<svg aria-hidden=\"true\" class=\"e-font-icon-svg e-fas-check-circle\" viewBox=\"0 0 512 512\" xmlns=\"http:\/\/www.w3.org\/2000\/svg\"><path d=\"M504 256c0 136.967-111.033 248-248 248S8 392.967 8 256 119.033 8 256 8s248 111.033 248 248zM227.314 387.314l184-184c6.248-6.248 6.248-16.379 0-22.627l-22.627-22.627c-6.248-6.249-16.379-6.249-22.628 0L216 308.118l-70.059-70.059c-6.248-6.248-16.379-6.248-22.628 0l-22.627 22.627c-6.248 6.248-6.248 16.379 0 22.627l104 104c6.249 6.249 16.379 6.249 22.628.001z\"><\/path><\/svg>\t\t\t\t\t\t<\/span>\n\t\t\t\t\t\t\t\t\t\t<span class=\"elementor-icon-list-text\">systemy oddymiania.<\/span>\n\t\t\t\t\t\t\t\t\t<\/li>\n\t\t\t\t\t\t<\/ul>\n\t\t\t\t\t\t<\/div>\n\t\t\t\t<\/div>\n\t\t\t\t\t<\/div>\n\t\t\t\t<\/div>\n\t\t<div class=\"elementor-element elementor-element-b6e6ead e-flex e-con-boxed e-con e-parent\" data-id=\"b6e6ead\" data-element_type=\"container\" data-e-type=\"container\" data-settings=\"{&quot;background_background&quot;:&quot;classic&quot;}\">\n\t\t\t\t\t<div class=\"e-con-inner\">\n\t\t\t\t<div class=\"elementor-element elementor-element-a2726a1 elementor-widget elementor-widget-html\" data-id=\"a2726a1\" data-element_type=\"widget\" data-e-type=\"widget\" data-widget_type=\"html.default\">\n\t\t\t\t\t<section style=\"width:100%; padding:60px 40px; background:#f3f3f3; box-sizing:border-box;\">\r\n\r\n  <div style=\"width:100%;\">\r\n\r\n    <!-- Nag\u0142\u00f3wek -->\r\n    <div style=\"text-align:center; margin-bottom:40px;\">\r\n      <h2 style=\"font-size:32px; margin-bottom:10px; color:#1e293b;\">Jak pracujemy?<\/h2>\r\n      <p style=\"color:#333;\">\r\n        Przejrzysty proces wsp\u00f3\u0142pracy od analizy po realizacj\u0119 projektu PPO\u017b.\r\n      <\/p>\r\n    <\/div>\r\n\r\n    <!-- GRID 4 KOLUMNY NA SZTYWNO -->\r\n    <div style=\"\r\n      display:grid;\r\n      grid-template-columns:repeat(4, 1fr);\r\n      gap:24px;\r\n    \">\r\n\r\n      <div style=\"background:#fff; border:1px solid #e5e7eb; border-radius:16px; padding:28px; box-shadow:0 4px 15px rgba(0,0,0,0.05);\">\r\n        <div style=\"font-size:30px; font-weight:800; color:#ef4444; margin-bottom:12px;\">01<\/div>\r\n        <p style=\"margin:0; line-height:1.6; color:#333;\">\r\n          Analizujemy obiekt, dokumentacj\u0119 i wymagania\r\n        <\/p>\r\n      <\/div>\r\n\r\n      <div style=\"background:#fff; border:1px solid #e5e7eb; border-radius:16px; padding:28px; box-shadow:0 4px 15px rgba(0,0,0,0.05);\">\r\n        <div style=\"font-size:30px; font-weight:800; color:#ef4444; margin-bottom:12px;\">02<\/div>\r\n        <p style=\"margin:0; line-height:1.6; color:#333;\">\r\n          Dobieramy rozwi\u0105zania PPO\u017b adekwatne do ryzyka i funkcji budynku\r\n        <\/p>\r\n      <\/div>\r\n\r\n      <div style=\"background:#fff; border:1px solid #e5e7eb; border-radius:16px; padding:28px; box-shadow:0 4px 15px rgba(0,0,0,0.05);\">\r\n        <div style=\"font-size:30px; font-weight:800; color:#ef4444; margin-bottom:12px;\">03<\/div>\r\n        <p style=\"margin:0; line-height:1.6; color:#333;\">\r\n          Opracowujemy dokumentacj\u0119 projektow\u0105\r\n        <\/p>\r\n      <\/div>\r\n\r\n      <div style=\"background:#fff; border:1px solid #e5e7eb; border-radius:16px; padding:28px; box-shadow:0 4px 15px rgba(0,0,0,0.05);\">\r\n        <div style=\"font-size:30px; font-weight:800; color:#ef4444; margin-bottom:12px;\">04<\/div>\r\n        <p style=\"margin:0; line-height:1.6; color:#333;\">\r\n          Wspieramy uzgodnienia i proces realizacji\r\n        <\/p>\r\n      <\/div>\r\n\r\n    <\/div>\r\n\r\n  <\/div>\r\n\r\n<\/section>\t\t\t\t<\/div>\n\t\t\t\t\t<\/div>\n\t\t\t\t<\/div>\n\t\t<div class=\"elementor-element elementor-element-40004be e-flex e-con-boxed elementor-invisible e-con e-parent\" data-id=\"40004be\" data-element_type=\"container\" data-e-type=\"container\" data-settings=\"{&quot;background_background&quot;:&quot;classic&quot;,&quot;animation&quot;:&quot;fadeInUp&quot;}\">\n\t\t\t\t\t<div class=\"e-con-inner\">\n\t\t<div class=\"elementor-element elementor-element-89a5ed5 e-con-full e-flex e-con e-child\" data-id=\"89a5ed5\" data-element_type=\"container\" data-e-type=\"container\" data-settings=\"{&quot;background_background&quot;:&quot;classic&quot;}\">\n\t\t\t\t<div class=\"elementor-element elementor-element-c32d8ca elementor-widget elementor-widget-heading\" data-id=\"c32d8ca\" data-element_type=\"widget\" data-e-type=\"widget\" data-widget_type=\"heading.default\">\n\t\t\t\t\t<h2 class=\"elementor-heading-title elementor-size-default\">Skonsultuj projekt PPO\u017b dla swojego obiektu<\/h2>\t\t\t\t<\/div>\n\t\t\t\t<div class=\"elementor-element elementor-element-86e7bb7 elementor-widget elementor-widget-text-editor\" data-id=\"86e7bb7\" data-element_type=\"widget\" data-e-type=\"widget\" data-widget_type=\"text-editor.default\">\n\t\t\t\t\t\t\t\t\t<p>Porozmawiajmy o zakresie projektu, wymaganiach technicznych i optymalnych rozwi\u0105zaniach dla Twojej inwestycji.<\/p>\t\t\t\t\t\t\t\t<\/div>\n\t\t\t\t<div class=\"elementor-element elementor-element-5b89fa9 elementor-align-center elementor-widget elementor-widget-button\" data-id=\"5b89fa9\" data-element_type=\"widget\" data-e-type=\"widget\" data-widget_type=\"button.default\">\n\t\t\t\t\t\t\t\t\t\t<a class=\"elementor-button elementor-button-link elementor-size-sm elementor-animation-grow\" href=\"#\">\n\t\t\t\t\t\t<span class=\"elementor-button-content-wrapper\">\n\t\t\t\t\t\t\t\t\t<span class=\"elementor-button-text\">Skontaktuj si\u0119 z nami<\/span>\n\t\t\t\t\t<\/span>\n\t\t\t\t\t<\/a>\n\t\t\t\t\t\t\t\t<\/div>\n\t\t\t\t<\/div>\n\t\t\t\t\t<\/div>\n\t\t\t\t<\/div>\n\t\t\t\t<\/div>\n\t\t","protected":false},"excerpt":{"rendered":"<p>Bezpieczny projekt. Sprawna realizacja. Spokojne odbiory. Projektowanie instalacji przeciwpo\u017carowych Projektujemy instalacje przeciwpo\u017carowe w spos\u00f3b odpowiedzialny i praktyczny \u2014 tak, aby by\u0142y zgodne z przepisami, mo\u017cliwe do wykonania i skuteczne w realnych warunkach u\u017cytkowania obiektu. Dla Kogo Projektowanie kierujemy do inwestor\u00f3w, generalnych wykonawc\u00f3w, projektant\u00f3w oraz w\u0142a\u015bcicieli obiekt\u00f3w planuj\u0105cych now\u0105 inwestycj\u0119, modernizacj\u0119 lub dostosowanie obiektu do aktualnych [&hellip;]<\/p>\n","protected":false},"author":1,"featured_media":0,"parent":10740,"menu_order":0,"comment_status":"closed","ping_status":"closed","template":"page-templates\/template-default.php","meta":{"footnotes":""},"class_list":["post-20787","page","type-page","status-publish","hentry"],"_links":{"self":[{"href":"https:\/\/firewall.net.pl\/index.php\/wp-json\/wp\/v2\/pages\/20787","targetHints":{"allow":["GET"]}}],"collection":[{"href":"https:\/\/firewall.net.pl\/index.php\/wp-json\/wp\/v2\/pages"}],"about":[{"href":"https:\/\/firewall.net.pl\/index.php\/wp-json\/wp\/v2\/types\/page"}],"author":[{"embeddable":true,"href":"https:\/\/firewall.net.pl\/index.php\/wp-json\/wp\/v2\/users\/1"}],"replies":[{"embeddable":true,"href":"https:\/\/firewall.net.pl\/index.php\/wp-json\/wp\/v2\/comments?post=20787"}],"version-history":[{"count":26,"href":"https:\/\/firewall.net.pl\/index.php\/wp-json\/wp\/v2\/pages\/20787\/revisions"}],"predecessor-version":[{"id":22001,"href":"https:\/\/firewall.net.pl\/index.php\/wp-json\/wp\/v2\/pages\/20787\/revisions\/22001"}],"up":[{"embeddable":true,"href":"https:\/\/firewall.net.pl\/index.php\/wp-json\/wp\/v2\/pages\/10740"}],"wp:attachment":[{"href":"https:\/\/firewall.net.pl\/index.php\/wp-json\/wp\/v2\/media?parent=20787"}],"curies":[{"name":"wp","href":"https:\/\/api.w.org\/{rel}","templated":true}]}}