{"id":20802,"date":"2026-03-16T13:00:25","date_gmt":"2026-03-16T13:00:25","guid":{"rendered":"https:\/\/gpsmdlngbf.cfolks.pl\/?page_id=20802"},"modified":"2026-04-14T20:13:56","modified_gmt":"2026-04-14T20:13:56","slug":"szkolenia-i-doradztwo","status":"publish","type":"page","link":"https:\/\/firewall.net.pl\/index.php\/oferta\/szkolenia-i-doradztwo\/","title":{"rendered":"Szkolenia i Doradztwo"},"content":{"rendered":"\t\t<div data-elementor-type=\"wp-page\" data-elementor-id=\"20802\" class=\"elementor elementor-20802\">\n\t\t\t\t<div class=\"elementor-element elementor-element-c380ff6 e-flex e-con-boxed e-con e-parent\" data-id=\"c380ff6\" data-element_type=\"container\" data-e-type=\"container\" data-settings=\"{&quot;background_background&quot;:&quot;classic&quot;}\">\n\t\t\t\t\t<div class=\"e-con-inner\">\n\t\t\n\n\n\t\t<div class=\"elementor-element elementor-element-e493f10 elementor-widget elementor-widget-section-title\" data-id=\"e493f10\" data-element_type=\"widget\" data-e-type=\"widget\" data-widget_type=\"section-title.default\">\n\t\t\t\t<div class=\"elementor-widget-container\">\n\t\t\t\t\t\r\n\t\t\r\n\t\t\t<div class=\"section-title style1 center\">\r\n\t\t\t\t \r\n\t\t\t\t\t<h5 class=\"subtitle text-anime-3\">\u015awiadomi pracownicy. Sprawne reakcje. Bezpieczny obiekt.<\/h5>\r\n\t\t\t\t\t\t\t\t\r\n\t\t\t\t \r\n\t\t\t\t\t<h3 class=\"title text-anime-3\">Szkolenia przeciwpo\u017carowe<\/h3>\r\n\t\t\t\t\t\t\t\t\t\t\t\t\t\t\t\t<div class=\"bar-main\">\r\n\t\t\t\t\t<div class=\"bar bar-big\"><\/div>\r\n\t\t\t\t<\/div>\r\n\t\t\t\t\t\t\t\t \r\n\t\t\t\t\t<p class=\"description\">Prowadzimy szkolenia PPO\u017b dla pracownik\u00f3w, kadry zarz\u0105dzaj\u0105cej i zespo\u0142\u00f3w technicznych, przygotowuj\u0105c organizacje do w\u0142a\u015bciwego dzia\u0142ania w sytuacjach zagro\u017cenia \u2014 nie tylko do spe\u0142nienia obowi\u0105zku formalnego.<\/p>\r\n\t\t\t\t\t\t\t<\/div>\r\n\r\n\t\t\r\n\t\t\t\t\t\t<\/div>\n\t\t\t\t<\/div>\n\t\t\t\t\t<\/div>\n\t\t\t\t<\/div>\n\t\t<div class=\"elementor-element elementor-element-ad0c660 e-flex e-con-boxed e-con e-parent\" data-id=\"ad0c660\" data-element_type=\"container\" data-e-type=\"container\" data-settings=\"{&quot;background_background&quot;:&quot;classic&quot;}\">\n\t\t\t\t\t<div class=\"e-con-inner\">\n\t\t<div class=\"elementor-element elementor-element-9b246e3 e-con-full e-flex elementor-invisible e-con e-child\" data-id=\"9b246e3\" data-element_type=\"container\" data-e-type=\"container\" data-settings=\"{&quot;background_background&quot;:&quot;classic&quot;,&quot;animation&quot;:&quot;fadeInLeft&quot;}\">\n\t\t\t\t<div class=\"elementor-element elementor-element-a720c67 elementor-widget elementor-widget-heading\" data-id=\"a720c67\" data-element_type=\"widget\" data-e-type=\"widget\" data-widget_type=\"heading.default\">\n\t\t\t\t\t<h2 class=\"elementor-heading-title elementor-size-default\">Dla Kogo<\/h2>\t\t\t\t<\/div>\n\t\t\t\t<div class=\"elementor-element elementor-element-33c81f4 elementor-widget elementor-widget-text-editor\" data-id=\"33c81f4\" data-element_type=\"widget\" data-e-type=\"widget\" data-widget_type=\"text-editor.default\">\n\t\t\t\t\t\t\t\t\t<p>Dla obiekt\u00f3w przemys\u0142owych, logistycznych, handlowych, biurowych i publicznych, kt\u00f3re chc\u0105 zwi\u0119kszy\u0107 poziom przygotowania pracownik\u00f3w oraz uporz\u0105dkowa\u0107 zasady post\u0119powania w sytuacjach zagro\u017cenia.<\/p>\t\t\t\t\t\t\t\t<\/div>\n\t\t\t\t<\/div>\n\t\t<div class=\"elementor-element elementor-element-830f116 e-con-full e-flex elementor-invisible e-con e-child\" data-id=\"830f116\" data-element_type=\"container\" data-e-type=\"container\" data-settings=\"{&quot;background_background&quot;:&quot;classic&quot;,&quot;animation&quot;:&quot;fadeInRight&quot;}\">\n\t\t\t\t<div class=\"elementor-element elementor-element-7fba7d9 elementor-widget elementor-widget-heading\" data-id=\"7fba7d9\" data-element_type=\"widget\" data-e-type=\"widget\" data-widget_type=\"heading.default\">\n\t\t\t\t\t<h2 class=\"elementor-heading-title elementor-size-default\">Dlaczego FIRE-WALL<\/h2>\t\t\t\t<\/div>\n\t\t\t\t<div class=\"elementor-element elementor-element-45cd136 elementor-widget elementor-widget-text-editor\" data-id=\"45cd136\" data-element_type=\"widget\" data-e-type=\"widget\" data-widget_type=\"text-editor.default\">\n\t\t\t\t\t\t\t\t\t<p>Szkolenia prowadz\u0105 specjali\u015bci, kt\u00f3rzy \u0142\u0105cz\u0105 wiedz\u0119 techniczn\u0105 z do\u015bwiadczeniem projektowym, wykonawczym, serwisowym i rzeczoznawczym.<\/p>\t\t\t\t\t\t\t\t<\/div>\n\t\t\t\t<\/div>\n\t\t\t\t\t<\/div>\n\t\t\t\t<\/div>\n\t\t<div class=\"elementor-element elementor-element-34011f4 e-flex e-con-boxed e-con e-parent\" data-id=\"34011f4\" data-element_type=\"container\" data-e-type=\"container\" data-settings=\"{&quot;background_background&quot;:&quot;classic&quot;}\">\n\t\t\t\t\t<div class=\"e-con-inner\">\n\t\t<div class=\"elementor-element elementor-element-4a01006 e-con-full e-flex elementor-invisible e-con e-child\" data-id=\"4a01006\" data-element_type=\"container\" data-e-type=\"container\" data-settings=\"{&quot;background_background&quot;:&quot;classic&quot;,&quot;animation&quot;:&quot;fadeInLeft&quot;}\">\n\t\t\t\t<div class=\"elementor-element elementor-element-bbb319c elementor-widget elementor-widget-heading\" data-id=\"bbb319c\" data-element_type=\"widget\" data-e-type=\"widget\" data-widget_type=\"heading.default\">\n\t\t\t\t\t<h2 class=\"elementor-heading-title elementor-size-default\">Co zyskuje klient<\/h2>\t\t\t\t<\/div>\n\t\t\t\t<div class=\"elementor-element elementor-element-dd4b8f5 elementor-widget elementor-widget-text-editor\" data-id=\"dd4b8f5\" data-element_type=\"widget\" data-e-type=\"widget\" data-widget_type=\"text-editor.default\">\n\t\t\t\t\t\t\t\t\t<p><span class=\"\">&#8211; realne przygotowanie ludzi do dzia\u0142ania,<\/span><\/p><p><span class=\"\">&#8211; wi\u0119ksze bezpiecze\u0144stwo organizacji,<\/span><\/p><p><span class=\"\">&#8211; uporz\u0105dkowan\u0105 odpowiedzialno\u015b\u0107 w sytuacjach kryzysowych,<\/span><\/p><p><span class=\"\">&#8211; zgodno\u015b\u0107 z wymaganiami formalnymi.<\/span><\/p>\t\t\t\t\t\t\t\t<\/div>\n\t\t\t\t<\/div>\n\t\t<div class=\"elementor-element elementor-element-0abfeaa e-con-full e-flex elementor-invisible e-con e-child\" data-id=\"0abfeaa\" data-element_type=\"container\" data-e-type=\"container\" data-settings=\"{&quot;background_background&quot;:&quot;classic&quot;,&quot;animation&quot;:&quot;fadeInRight&quot;}\">\n\t\t\t\t<div class=\"elementor-element elementor-element-5d96336 elementor-widget elementor-widget-heading\" data-id=\"5d96336\" data-element_type=\"widget\" data-e-type=\"widget\" data-widget_type=\"heading.default\">\n\t\t\t\t\t<h2 class=\"elementor-heading-title elementor-size-default\">Zakres szkole\u0144<\/h2>\t\t\t\t<\/div>\n\t\t\t\t<div class=\"elementor-element elementor-element-7fd17a2 elementor-widget elementor-widget-text-editor\" data-id=\"7fd17a2\" data-element_type=\"widget\" data-e-type=\"widget\" data-widget_type=\"text-editor.default\">\n\t\t\t\t\t\t\t\t\t<p><span class=\"\">&#8211; szkolenia PPO\u017b dla pracownik\u00f3w,<\/span><\/p><p><span class=\"\">&#8211; szkolenia dla os\u00f3b funkcyjnych i kierownictwa,<\/span><\/p><p><span class=\"\">&#8211; szkolenia dla s\u0142u\u017cb technicznych,<\/span><\/p><p><span class=\"\">&#8211; instrukta\u017ce powi\u0105zane z IBP,<\/span><\/p><p><span class=\"\">&#8211; szkolenia z podstaw obs\u0142ugi wybranych urz\u0105dze\u0144 PPO\u017b.<\/span><\/p>\t\t\t\t\t\t\t\t<\/div>\n\t\t\t\t<\/div>\n\t\t\t\t\t<\/div>\n\t\t\t\t<\/div>\n\t\t<div class=\"elementor-element elementor-element-796a66e e-flex e-con-boxed e-con e-parent\" data-id=\"796a66e\" data-element_type=\"container\" data-e-type=\"container\" data-settings=\"{&quot;background_background&quot;:&quot;classic&quot;}\">\n\t\t\t\t\t<div class=\"e-con-inner\">\n\t\t\t\t<div class=\"elementor-element elementor-element-20b74d6 elementor-widget elementor-widget-html\" data-id=\"20b74d6\" data-element_type=\"widget\" data-e-type=\"widget\" data-widget_type=\"html.default\">\n\t\t\t\t\t<section style=\"width:100%; padding:60px 40px; background:#f3f3f3; box-sizing:border-box;\">\r\n\r\n  <div style=\"width:100%;\">\r\n\r\n    <!-- Nag\u0142\u00f3wek -->\r\n    <div style=\"text-align:center; margin-bottom:40px;\">\r\n      <h2 style=\"font-size:32px; margin-bottom:10px; color:#1e293b;\">Jak prowadzimy szkolenia?<\/h2>\r\n      <p style=\"color:#333;\">\r\n        Przejrzysty proces wsp\u00f3\u0142pracy od analizy po realizacj\u0119 projektu PPO\u017b.\r\n      <\/p>\r\n    <\/div>\r\n\r\n    <!-- 4 kolumny -->\r\n    <div style=\"\r\n      display:grid;\r\n      grid-template-columns:repeat(4, 1fr);\r\n      gap:24px;\r\n    \">\r\n\r\n      <div style=\"background:#fff; border:1px solid #e5e7eb; border-radius:16px; padding:28px; box-shadow:0 4px 15px rgba(0,0,0,0.05);\">\r\n        <div style=\"font-size:30px; font-weight:800; color:#ef4444; margin-bottom:12px;\">01<\/div>\r\n        <p style=\"margin:0; line-height:1.6; color:#333;\">\r\n          Analizujemy obiekt i potrzeby uczestnik\u00f3w\r\n        <\/p>\r\n      <\/div>\r\n\r\n      <div style=\"background:#fff; border:1px solid #e5e7eb; border-radius:16px; padding:28px; box-shadow:0 4px 15px rgba(0,0,0,0.05);\">\r\n        <div style=\"font-size:30px; font-weight:800; color:#ef4444; margin-bottom:12px;\">02<\/div>\r\n        <p style=\"margin:0; line-height:1.6; color:#333;\">\r\n          Dopasowujemy program do bran\u017cy i zagro\u017ce\u0144\r\n        <\/p>\r\n      <\/div>\r\n\r\n      <div style=\"background:#fff; border:1px solid #e5e7eb; border-radius:16px; padding:28px; box-shadow:0 4px 15px rgba(0,0,0,0.05);\">\r\n        <div style=\"font-size:30px; font-weight:800; color:#ef4444; margin-bottom:12px;\">03<\/div>\r\n        <p style=\"margin:0; line-height:1.6; color:#333;\">\r\n          Prowadzimy szkolenie w formie praktycznej i zrozumia\u0142ej\r\n        <\/p>\r\n      <\/div>\r\n\r\n      <div style=\"background:#fff; border:1px solid #e5e7eb; border-radius:16px; padding:28px; box-shadow:0 4px 15px rgba(0,0,0,0.05);\">\r\n        <div style=\"font-size:30px; font-weight:800; color:#ef4444; margin-bottom:12px;\">04<\/div>\r\n        <p style=\"margin:0; line-height:1.6; color:#333;\">\r\n          Przekazujemy dokumentacj\u0119 szkoleniow\u0105\r\n        <\/p>\r\n      <\/div>\r\n\r\n    <\/div>\r\n\r\n  <\/div>\r\n\r\n<\/section>\t\t\t\t<\/div>\n\t\t\t\t\t<\/div>\n\t\t\t\t<\/div>\n\t\t<div class=\"elementor-element elementor-element-61758e0 e-flex e-con-boxed e-con e-parent\" data-id=\"61758e0\" data-element_type=\"container\" data-e-type=\"container\" data-settings=\"{&quot;background_background&quot;:&quot;classic&quot;}\">\n\t\t\t\t\t<div class=\"e-con-inner\">\n\t\t<div class=\"elementor-element elementor-element-e7edbfb e-con-full e-flex elementor-invisible e-con e-child\" data-id=\"e7edbfb\" data-element_type=\"container\" data-e-type=\"container\" data-settings=\"{&quot;background_background&quot;:&quot;classic&quot;,&quot;animation&quot;:&quot;fadeInUp&quot;}\">\n\t\t\t\t<div class=\"elementor-element elementor-element-8eb9840 elementor-widget elementor-widget-heading\" data-id=\"8eb9840\" data-element_type=\"widget\" data-e-type=\"widget\" data-widget_type=\"heading.default\">\n\t\t\t\t\t<h2 class=\"elementor-heading-title elementor-size-default\">Skonsultuj szkolenie PPO\u017b dla swojego obiektu<\/h2>\t\t\t\t<\/div>\n\t\t\t\t<div class=\"elementor-element elementor-element-d6e515d elementor-widget elementor-widget-text-editor\" data-id=\"d6e515d\" data-element_type=\"widget\" data-e-type=\"widget\" data-widget_type=\"text-editor.default\">\n\t\t\t\t\t\t\t\t\t<p>Porozmawiajmy o zakresie projektu, wymaganiach technicznych i optymalnych rozwi\u0105zaniach dla Twojej inwestycji.<\/p>\t\t\t\t\t\t\t\t<\/div>\n\t\t\t\t<div class=\"elementor-element elementor-element-0800af7 elementor-align-center elementor-widget elementor-widget-button\" data-id=\"0800af7\" data-element_type=\"widget\" data-e-type=\"widget\" data-widget_type=\"button.default\">\n\t\t\t\t\t\t\t\t\t\t<a class=\"elementor-button elementor-button-link elementor-size-sm elementor-animation-grow\" href=\"#\">\n\t\t\t\t\t\t<span class=\"elementor-button-content-wrapper\">\n\t\t\t\t\t\t\t\t\t<span class=\"elementor-button-text\">Skontaktuj si\u0119 z nami<\/span>\n\t\t\t\t\t<\/span>\n\t\t\t\t\t<\/a>\n\t\t\t\t\t\t\t\t<\/div>\n\t\t\t\t<\/div>\n\t\t\t\t\t<\/div>\n\t\t\t\t<\/div>\n\t\t\t\t<\/div>\n\t\t","protected":false},"excerpt":{"rendered":"<p>\u015awiadomi pracownicy. Sprawne reakcje. Bezpieczny obiekt. Szkolenia przeciwpo\u017carowe Prowadzimy szkolenia PPO\u017b dla pracownik\u00f3w, kadry zarz\u0105dzaj\u0105cej i zespo\u0142\u00f3w technicznych, przygotowuj\u0105c organizacje do w\u0142a\u015bciwego dzia\u0142ania w sytuacjach zagro\u017cenia \u2014 nie tylko do spe\u0142nienia obowi\u0105zku formalnego. Dla Kogo Dla obiekt\u00f3w przemys\u0142owych, logistycznych, handlowych, biurowych i publicznych, kt\u00f3re chc\u0105 zwi\u0119kszy\u0107 poziom przygotowania pracownik\u00f3w oraz uporz\u0105dkowa\u0107 zasady post\u0119powania w sytuacjach [&hellip;]<\/p>\n","protected":false},"author":1,"featured_media":0,"parent":10740,"menu_order":0,"comment_status":"closed","ping_status":"closed","template":"page-templates\/template-default.php","meta":{"footnotes":""},"class_list":["post-20802","page","type-page","status-publish","hentry"],"_links":{"self":[{"href":"https:\/\/firewall.net.pl\/index.php\/wp-json\/wp\/v2\/pages\/20802","targetHints":{"allow":["GET"]}}],"collection":[{"href":"https:\/\/firewall.net.pl\/index.php\/wp-json\/wp\/v2\/pages"}],"about":[{"href":"https:\/\/firewall.net.pl\/index.php\/wp-json\/wp\/v2\/types\/page"}],"author":[{"embeddable":true,"href":"https:\/\/firewall.net.pl\/index.php\/wp-json\/wp\/v2\/users\/1"}],"replies":[{"embeddable":true,"href":"https:\/\/firewall.net.pl\/index.php\/wp-json\/wp\/v2\/comments?post=20802"}],"version-history":[{"count":14,"href":"https:\/\/firewall.net.pl\/index.php\/wp-json\/wp\/v2\/pages\/20802\/revisions"}],"predecessor-version":[{"id":21855,"href":"https:\/\/firewall.net.pl\/index.php\/wp-json\/wp\/v2\/pages\/20802\/revisions\/21855"}],"up":[{"embeddable":true,"href":"https:\/\/firewall.net.pl\/index.php\/wp-json\/wp\/v2\/pages\/10740"}],"wp:attachment":[{"href":"https:\/\/firewall.net.pl\/index.php\/wp-json\/wp\/v2\/media?parent=20802"}],"curies":[{"name":"wp","href":"https:\/\/api.w.org\/{rel}","templated":true}]}}