{"id":21405,"date":"2026-03-30T16:19:04","date_gmt":"2026-03-30T16:19:04","guid":{"rendered":"https:\/\/gpsmdlngbf.cfolks.pl\/?page_id=21405"},"modified":"2026-04-16T09:24:50","modified_gmt":"2026-04-16T09:24:50","slug":"serwisant-instalacji-tryskaczowych-k-m","status":"publish","type":"page","link":"https:\/\/firewall.net.pl\/index.php\/pracuj-z-nami\/serwisant-instalacji-tryskaczowych-k-m\/","title":{"rendered":"Serwisant instalacji tryskaczowych (k\/m)"},"content":{"rendered":"<p><b>Praca mobilna \u2013 Warszawa, aglomeracja warszawska i wyjazdy s\u0142u\u017cbowe na terenie Polski<\/b><\/p>\n<h4><b>O stanowisku<\/b><\/h4>\n<p><span style=\"font-weight: 400;\">Firewall Sp. z o.o. poszukuje osoby na stanowisko Serwisanta instalacji tryskaczowych (k\/m) do realizacji prac serwisowych, przegl\u0105dowych, konserwacyjnych i naprawczych na obiektach komercyjnych, magazynowych i przemys\u0142owych.<\/span><\/p>\n<p><span style=\"font-weight: 400;\">Szukamy kandydata, kt\u00f3ry ma do\u015bwiadczenie przy monta\u017cu instalacji tryskaczowych, dobrze zna zasady dzia\u0142ania system\u00f3w ppo\u017c. i chce rozwija\u0107 si\u0119 w stabilnej firmie specjalizuj\u0105cej si\u0119 w zabezpieczeniach przeciwpo\u017carowych. Stanowisko obejmuje przede wszystkim obs\u0142ug\u0119 instalacji tryskaczowych, a tak\u017ce wsp\u00f3\u0142pracuj\u0105cych z nimi pompowni ppo\u017c. oraz zestaw\u00f3w pompowych.<\/span><\/p>\n<p><span style=\"font-weight: 400;\">To rola dla osoby, kt\u00f3ra potrafi pracowa\u0107 samodzielnie w terenie, trafnie ocenia stan techniczny instalacji, sprawnie diagnozuje usterki i dba o wysoki standard wykonania prac serwisowych.<\/span><\/p>\n<p>&nbsp;<\/p>\n<h4><b>Tw\u00f3j zakres obowi\u0105zk\u00f3w<\/b><\/h4>\n<p>&nbsp;<\/p>\n<p><span style=\"font-weight: 400;\">&#8211; wykonywanie przegl\u0105d\u00f3w technicznych, konserwacji oraz prac serwisowych instalacji tryskaczowych,\u00a0<\/span><\/p>\n<p><span style=\"font-weight: 400;\">&#8211; diagnozowanie usterek i usuwanie awarii w instalacjach tryskaczowych oraz elementach wsp\u00f3\u0142pracuj\u0105cych,\u00a0<\/span><\/p>\n<p><span style=\"font-weight: 400;\">&#8211; wykonywanie test\u00f3w funkcjonalnych, pr\u00f3b i sprawdze\u0144 zgodnie z dokumentacj\u0105 techniczn\u0105, obowi\u0105zuj\u0105cymi normami i procedurami,\u00a0<\/span><\/p>\n<p><span style=\"font-weight: 400;\">&#8211; kontrola poprawno\u015bci dzia\u0142ania armatury, zawor\u00f3w kontrolno-alarmowych, osprz\u0119tu oraz pozosta\u0142ych element\u00f3w systemu,\u00a0<\/span><\/p>\n<p><span style=\"font-weight: 400;\">&#8211; serwis, kontrola i bie\u017c\u0105ca ocena pracy pompowni przeciwpo\u017carowych oraz zestaw\u00f3w pompowych,\u00a0<\/span><\/p>\n<p><span style=\"font-weight: 400;\">&#8211; ocena stanu technicznego instalacji i zg\u0142aszanie potrzeb naprawczych, modernizacyjnych lub eksploatacyjnych,\u00a0<\/span><\/p>\n<p><span style=\"font-weight: 400;\">&#8211; prowadzenie dokumentacji serwisowej oraz raportowanie wykonanych prac,\u00a0<\/span><\/p>\n<p><span style=\"font-weight: 400;\">&#8211; wsp\u00f3\u0142praca z kierownikiem projektu, brygadzist\u0105 oraz zespo\u0142em technicznym,<\/span><\/p>\n<p><span style=\"font-weight: 400;\"><span style=\"font-weight: 400;\"><span style=\"font-weight: 400;\"><span style=\"font-weight: 400;\">&#8211; przestrzeganie zasad BHP oraz standard\u00f3w wykonawczych obowi\u0105zuj\u0105cych na obiektach.<\/span><\/span><\/span><\/span><\/p>\n<p>&nbsp;<\/p>\n<h4><b>Nasze wymagania<\/b><\/h4>\n<p>&nbsp;<\/p>\n<p><span style=\"font-weight: 400;\">&#8211; minimum 2 lata do\u015bwiadczenia w pracy przy monta\u017cu, serwisie, konserwacji lub uruchamianiu instalacji tryskaczowych, <\/span><\/p>\n<p><span style=\"font-weight: 400;\">&#8211; praktyczna znajomo\u015b\u0107 budowy i dzia\u0142ania instalacji tryskaczowych,\u00a0<\/span><\/p>\n<p><span style=\"font-weight: 400;\">&#8211; znajomo\u015b\u0107 norm, wytycznych i zasad dotycz\u0105cych przegl\u0105d\u00f3w, konserwacji oraz eksploatacji instalacji tryskaczowych,\u00a0<\/span><\/p>\n<p><span style=\"font-weight: 400;\">&#8211; znajomo\u015b\u0107 technologii pompowni ppo\u017c. oraz zestaw\u00f3w pompowych,\u00a0<\/span><\/p>\n<p><span style=\"font-weight: 400;\">&#8211; umiej\u0119tno\u015b\u0107 diagnozowania usterek oraz oceny stanu technicznego instalacji,\u00a0<\/span><\/p>\n<p><span style=\"font-weight: 400;\">&#8211; umiej\u0119tno\u015b\u0107 czytania dokumentacji technicznej i schemat\u00f3w instalacyjnych,\u00a0<\/span><\/p>\n<p><span style=\"font-weight: 400;\">&#8211; gotowo\u015b\u0107 do pracy mobilnej oraz wyjazd\u00f3w s\u0142u\u017cbowych,\u00a0<\/span><\/p>\n<p><span style=\"font-weight: 400;\">&#8211; gotowo\u015b\u0107 do pracy w systemie zmianowym, w tym r\u00f3wnie\u017c w godzinach nocnych \u2013 zale\u017cnie od specyfiki obiektu,\u00a0<\/span><\/p>\n<p><span style=\"font-weight: 400;\">&#8211; samodzielno\u015b\u0107, odpowiedzialno\u015b\u0107 i dobra organizacja pracy,\u00a0<\/span><\/p>\n<p><span style=\"font-weight: 400;\">&#8211; umiej\u0119tno\u015b\u0107 wsp\u00f3\u0142pracy w zespole i sprawnego dzia\u0142ania na obiekcie,\u00a0<\/span><\/p>\n<p><span style=\"font-weight: 400;\">&#8211; dok\u0142adno\u015b\u0107 i dba\u0142o\u015b\u0107 o jako\u015b\u0107 wykonywanych prac,\u00a0<\/span><\/p>\n<p><span style=\"font-weight: 400;\">&#8211; prawo jazdy kat. B,\u00a0<\/span><\/p>\n<p><span style=\"font-weight: 400;\">&#8211; uprawnienia na podesty ruchome b\u0119d\u0105 dodatkowym atutem,\u00a0<\/span><\/p>\n<p><span style=\"font-weight: 400;\"><span style=\"font-weight: 400;\"><span style=\"font-weight: 400;\"><span style=\"font-weight: 400;\">&#8211; brak przeciwwskaza\u0144 do pracy na wysoko\u015bci.<\/span><\/span><\/span><\/span><\/p>\n<p>&nbsp;<\/p>\n<h4><b>Co oferujemy<\/b><\/h4>\n<p>&nbsp;<\/p>\n<p><span style=\"font-weight: 400;\">&#8211; stabilne zatrudnienie w firmie realizuj\u0105cej specjalistyczne projekty w bran\u017cy ppo\u017c.,\u00a0<\/span><\/p>\n<p><span style=\"font-weight: 400;\">&#8211; prac\u0119 od poniedzia\u0142ku do pi\u0105tku,\u00a0<\/span><\/p>\n<p><span style=\"font-weight: 400;\">&#8211; elastyczne godziny pracy, zale\u017cne od harmonogramu realizacji,\u00a0<\/span><\/p>\n<p><span style=\"font-weight: 400;\">&#8211; wynagrodzenie oparte o sta\u0142\u0105 podstaw\u0119 + nadgodziny,\u00a0<\/span><\/p>\n<p><span style=\"font-weight: 400;\">&#8211; dofinansowanie do pakietu medycznego oraz karty Multisport,\u00a0<\/span><\/p>\n<p><span style=\"font-weight: 400;\">&#8211; miesi\u0119czny system wyp\u0142aty wynagrodzenia,\u00a0<\/span><\/p>\n<p><span style=\"font-weight: 400;\">&#8211; samoch\u00f3d s\u0142u\u017cbowy do realizacji zada\u0144 serwisowych,\u00a0<\/span><\/p>\n<p><span style=\"font-weight: 400;\">&#8211; profesjonalne narz\u0119dzia pracy i odzie\u017c robocz\u0105 zapewnione przez firm\u0119,\u00a0<\/span><\/p>\n<p><span style=\"font-weight: 400;\">&#8211; wsparcie do\u015bwiadczonego zespo\u0142u i sprawn\u0105 organizacj\u0119 pracy na projektach,\u00a0<\/span><\/p>\n<p><span style=\"font-weight: 400;\">&#8211; mo\u017cliwo\u015b\u0107 dalszego rozwoju zawodowego w bran\u017cy zabezpiecze\u0144 przeciwpo\u017carowych.\u00a0<\/span><\/p>\n<p>&nbsp;<\/p>\n<h4><b>Dlaczego warto do nas do\u0142\u0105czy\u0107<\/b><\/h4>\n<p><span style=\"font-weight: 400;\">Jeste\u015bmy ma\u0142\u0105, wyspecjalizowan\u0105 firm\u0105, kt\u00f3ra stawia na jako\u015b\u0107 wykonania, terminowo\u015b\u0107 i rzeteln\u0105 wsp\u00f3\u0142prac\u0119. Dzia\u0142amy w bran\u017cy zabezpiecze\u0144 przeciwpo\u017carowych, gdzie licz\u0105 si\u0119 konkretne umiej\u0119tno\u015bci techniczne, dobra organizacja i odpowiedzialno\u015b\u0107 za bezpiecze\u0144stwo dzia\u0142ania instalacji.<\/span><\/p>\n<p><span style=\"font-weight: 400;\">U nas pracujesz przy realnych obiektach i rzeczywistych problemach technicznych, w zespole, kt\u00f3ry zna specyfik\u0119 bran\u017cy i potrafi skutecznie prowadzi\u0107 zar\u00f3wno realizacje, jak i obs\u0142ug\u0119 serwisow\u0105. Szukamy os\u00f3b, kt\u00f3re nie tylko wykonaj\u0105 przegl\u0105d, ale potrafi\u0105 samodzielnie rozpozna\u0107 przyczyn\u0119 problemu i zaproponowa\u0107 w\u0142a\u015bciwe rozwi\u0105zanie.<\/span><\/p>\n<h4><b>Jak aplikowa\u0107<\/b><\/h4>\n<p><span style=\"font-weight: 400;\">Prze\u015blij swoje CV na adres: <\/span><b>rekrutacja@firewall.net.pl<\/b><span style=\"font-weight: 400;\"><br \/>\n<\/span><span style=\"font-weight: 400;\">lub skontaktuj si\u0119 telefonicznie: <\/span><b>+48 22 789 17 28<\/b><\/p>\n<p><span style=\"font-weight: 400;\">W tytule wiadomo\u015bci wpisz: <\/span><b>Serwisant instalacji tryskaczowych (k\/m)<\/b><\/p>\n","protected":false},"excerpt":{"rendered":"<p>Praca mobilna \u2013 Warszawa, aglomeracja warszawska i wyjazdy s\u0142u\u017cbowe na terenie Polski O stanowisku Firewall Sp. z o.o. poszukuje osoby na stanowisko Serwisanta instalacji tryskaczowych (k\/m) do realizacji prac serwisowych, przegl\u0105dowych, konserwacyjnych i naprawczych na obiektach komercyjnych, magazynowych i przemys\u0142owych. Szukamy kandydata, kt\u00f3ry ma do\u015bwiadczenie przy monta\u017cu instalacji tryskaczowych, dobrze zna zasady dzia\u0142ania system\u00f3w ppo\u017c. [&hellip;]<\/p>\n","protected":false},"author":1,"featured_media":0,"parent":11112,"menu_order":0,"comment_status":"closed","ping_status":"closed","template":"","meta":{"footnotes":""},"class_list":["post-21405","page","type-page","status-publish","hentry"],"_links":{"self":[{"href":"https:\/\/firewall.net.pl\/index.php\/wp-json\/wp\/v2\/pages\/21405","targetHints":{"allow":["GET"]}}],"collection":[{"href":"https:\/\/firewall.net.pl\/index.php\/wp-json\/wp\/v2\/pages"}],"about":[{"href":"https:\/\/firewall.net.pl\/index.php\/wp-json\/wp\/v2\/types\/page"}],"author":[{"embeddable":true,"href":"https:\/\/firewall.net.pl\/index.php\/wp-json\/wp\/v2\/users\/1"}],"replies":[{"embeddable":true,"href":"https:\/\/firewall.net.pl\/index.php\/wp-json\/wp\/v2\/comments?post=21405"}],"version-history":[{"count":20,"href":"https:\/\/firewall.net.pl\/index.php\/wp-json\/wp\/v2\/pages\/21405\/revisions"}],"predecessor-version":[{"id":22096,"href":"https:\/\/firewall.net.pl\/index.php\/wp-json\/wp\/v2\/pages\/21405\/revisions\/22096"}],"up":[{"embeddable":true,"href":"https:\/\/firewall.net.pl\/index.php\/wp-json\/wp\/v2\/pages\/11112"}],"wp:attachment":[{"href":"https:\/\/firewall.net.pl\/index.php\/wp-json\/wp\/v2\/media?parent=21405"}],"curies":[{"name":"wp","href":"https:\/\/api.w.org\/{rel}","templated":true}]}}