{"id":21433,"date":"2026-03-30T16:34:41","date_gmt":"2026-03-30T16:34:41","guid":{"rendered":"https:\/\/gpsmdlngbf.cfolks.pl\/?page_id=21433"},"modified":"2026-04-16T09:16:52","modified_gmt":"2026-04-16T09:16:52","slug":"monter-instalacji-tryskaczowych-k-m","status":"publish","type":"page","link":"https:\/\/firewall.net.pl\/index.php\/pracuj-z-nami\/monter-instalacji-tryskaczowych-k-m\/","title":{"rendered":"Monter instalacji tryskaczowych (k\/m)"},"content":{"rendered":"<p><b>Praca mobilna \u2013 Warszawa, aglomeracja warszawska i wyjazdy s\u0142u\u017cbowe na terenie Polski<\/b><\/p>\n<h4><b>O stanowisku<\/b><\/h4>\n<p><span style=\"font-weight: 400;\">Firewall Sp. z o.o. poszukuje os\u00f3b na stanowisko <\/span><b>Montera instalacji tryskaczowych (k\/m)<\/b><span style=\"font-weight: 400;\"> do realizacji prac na obiektach komercyjnych i przemys\u0142owych. Szukamy kandydat\u00f3w, kt\u00f3rzy maj\u0105 ju\u017c pierwsze do\u015bwiadczenie w monta\u017cu instalacji i chc\u0105 rozwija\u0107 si\u0119 w stabilnej firmie dzia\u0142aj\u0105cej w bran\u017cy zabezpiecze\u0144 przeciwpo\u017carowych.<\/span><\/p>\n<p><span style=\"font-weight: 400;\">To stanowisko dla os\u00f3b, kt\u00f3re potrafi\u0105 pracowa\u0107 technicznie, samodzielnie organizowa\u0107 swoj\u0105 prac\u0119 na budowie i dbaj\u0105 o jako\u015b\u0107 wykonania. Praca ma charakter mobilny i obejmuje realizacje g\u0142\u00f3wnie w rejonie Warszawy oraz na terenie ca\u0142ej Polski.<\/span><\/p>\n<h4><b>Tw\u00f3j zakres obowi\u0105zk\u00f3w<\/b><\/h4>\n<p><span style=\"font-weight: 400;\">&#8211; monta\u017c, modernizacja i przebudowa instalacji tryskaczowych na obiektach komercyjnych, magazynowych i przemys\u0142owych,\u00a0<\/span><\/p>\n<p><span style=\"font-weight: 400;\">&#8211; wykonywanie prac zgodnie z dokumentacj\u0105 techniczn\u0105 i wytycznymi prze\u0142o\u017conego,\u00a0<\/span><\/p>\n<p><span style=\"font-weight: 400;\">&#8211; przygotowywanie i \u0142\u0105czenie element\u00f3w instalacji na obiekcie,\u00a0<\/span><\/p>\n<p><span style=\"font-weight: 400;\">&#8211; udzia\u0142 w pr\u00f3bach, testach funkcjonalnych i sprawdzeniach poprawno\u015bci dzia\u0142ania instalacji,\u00a0<\/span><\/p>\n<p><span style=\"font-weight: 400;\">&#8211; bie\u017c\u0105ca wsp\u00f3\u0142praca z brygadzist\u0105, kierownikiem projektu oraz zespo\u0142em monta\u017cowym,\u00a0<\/span><\/p>\n<p><span style=\"font-weight: 400;\">&#8211; dbanie o terminow\u0105 i jako\u015bciow\u0105 realizacj\u0119 powierzonych prac,\u00a0<\/span><\/p>\n<p><span style=\"font-weight: 400;\">&#8211; przestrzeganie zasad BHP oraz standard\u00f3w wykonawczych obowi\u0105zuj\u0105cych na budowie,\u00a0<\/span><\/p>\n<p><span style=\"font-weight: 400;\">&#8211; raportowanie wykonanych prac i zg\u0142aszanie ewentualnych problem\u00f3w technicznych.\u00a0<\/span><\/p>\n<h4><b>Nasze wymagania<\/b><\/h4>\n<p><span style=\"font-weight: 400;\">&#8211; minimum <\/span><b>1\u20132 lata do\u015bwiadczenia<\/b><span style=\"font-weight: 400;\"> w pracy jako monter instalacji tryskaczowych, sanitarnych lub pokrewnych,\u00a0<\/span><\/p>\n<p><span style=\"font-weight: 400;\">&#8211; umiej\u0119tno\u015b\u0107 czytania rysunku technicznego,\u00a0<\/span><\/p>\n<p><span style=\"font-weight: 400;\">&#8211; gotowo\u015b\u0107 do pracy mobilnej oraz wyjazd\u00f3w s\u0142u\u017cbowych,\u00a0<\/span><\/p>\n<p><span style=\"font-weight: 400;\">&#8211; gotowo\u015b\u0107 do pracy w systemie zmianowym, w tym r\u00f3wnie\u017c w godzinach nocnych \u2013 zale\u017cnie od specyfiki obiektu,\u00a0<\/span><\/p>\n<p><span style=\"font-weight: 400;\">&#8211; samodzielno\u015b\u0107, odpowiedzialno\u015b\u0107 i dobra organizacja pracy,\u00a0<\/span><\/p>\n<p><span style=\"font-weight: 400;\">&#8211; umiej\u0119tno\u015b\u0107 wsp\u00f3\u0142pracy w zespole i sprawnego dzia\u0142ania na budowie,\u00a0<\/span><\/p>\n<p><span style=\"font-weight: 400;\">&#8211; dok\u0142adno\u015b\u0107 i dba\u0142o\u015b\u0107 o jako\u015b\u0107 wykonywanych prac,\u00a0<\/span><\/p>\n<p><span style=\"font-weight: 400;\">&#8211; prawo jazdy kat. B,<\/span><\/p>\n<p><span style=\"font-weight: 400;\">&#8211; uprawnienia na podesty ruchome, b\u0119dzie dodatkowym atutem,\u00a0<\/span><\/p>\n<p><span style=\"font-weight: 400;\">&#8211; brak przeciwwskaza\u0144 do pracy na wysoko\u015bci.\u00a0<\/span><\/p>\n<p>&nbsp;<\/p>\n<h4><b>Co oferujemy<\/b><\/h4>\n<p><span style=\"font-weight: 400;\">&#8211; stabilne zatrudnienie w firmie realizuj\u0105cej specjalistyczne projekty w bran\u017cy ppo\u017c.,\u00a0<\/span><\/p>\n<p><span style=\"font-weight: 400;\">&#8211; prac\u0119 od poniedzia\u0142ku do pi\u0105tku,\u00a0<\/span><\/p>\n<p><span style=\"font-weight: 400;\">&#8211; elastyczne godziny pracy, zale\u017cne od harmonogramu realizacji,\u00a0<\/span><\/p>\n<p><span style=\"font-weight: 400;\">&#8211; wynagrodzenie oparte o sta\u0142\u0105 podstaw\u0119 + nadgodziny,\u00a0<\/span><\/p>\n<p><span style=\"font-weight: 400;\">&#8211; dofinansowanie do pakietu medycznego oraz karty multisport,<\/span><\/p>\n<p><span style=\"font-weight: 400;\">&#8211; miesi\u0119czny system wyp\u0142aty wynagrodzenia,\u00a0<\/span><\/p>\n<p><span style=\"font-weight: 400;\">&#8211; samoch\u00f3d s\u0142u\u017cbowy do realizacji zada\u0144 zespo\u0142owych,\u00a0<\/span><\/p>\n<p><span style=\"font-weight: 400;\">&#8211; profesjonalne narz\u0119dzia pracy i odzie\u017c robocz\u0105 zapewnione przez firm\u0119,\u00a0<\/span><\/p>\n<p><span style=\"font-weight: 400;\">&#8211; wsparcie do\u015bwiadczonego zespo\u0142u i sprawn\u0105 organizacj\u0119 pracy na projektach,\u00a0<\/span><\/p>\n<p><span style=\"font-weight: 400;\">&#8211; mo\u017cliwo\u015b\u0107 dalszego rozwoju zawodowego w bran\u017cy zabezpiecze\u0144 przeciwpo\u017carowych.\u00a0<\/span><\/p>\n<p><b>Dlaczego warto do nas do\u0142\u0105czy\u0107<\/b><\/p>\n<p><span style=\"font-weight: 400;\">Jeste\u015bmy ma\u0142\u0105, wyspecjalizowan\u0105 firm\u0105, kt\u00f3ra stawia na jako\u015b\u0107 wykonania, terminowo\u015b\u0107 i rzeteln\u0105 wsp\u00f3\u0142prac\u0119. Dzia\u0142amy w bran\u017cy zabezpiecze\u0144 przeciwpo\u017carowych, gdzie licz\u0105 si\u0119 konkretne umiej\u0119tno\u015bci techniczne, dobra organizacja i odpowiedzialno\u015b\u0107 za bezpiecze\u0144stwo dzia\u0142ania instalacji.<\/span><\/p>\n<p><span style=\"font-weight: 400;\">U nas pracujesz przy realnych obiektach i rzeczywistych problemach technicznych, w zespole, kt\u00f3ry zna specyfik\u0119 bran\u017cy i potrafi skutecznie prowadzi\u0107 zar\u00f3wno realizacje, jak i obs\u0142ug\u0119 serwisow\u0105. Szukamy os\u00f3b, kt\u00f3re nie tylko wykonaj\u0105 przegl\u0105d, ale potrafi\u0105 samodzielnie rozpozna\u0107 przyczyn\u0119 problemu i zaproponowa\u0107 w\u0142a\u015bciwe rozwi\u0105zanie.<\/span><\/p>\n<p><b>Jak aplikowa\u0107<\/b><\/p>\n<p><span style=\"font-weight: 400;\">Prze\u015blij swoje CV na adres: <\/span><a href=\"mailto:rekrutacja@firewall.net.pl\"><b>rekrutacja@firewall.net.pl<\/b><b><br \/>\n<\/b><\/a><span style=\"font-weight: 400;\">lub skontaktuj si\u0119 telefonicznie: +<\/span> <span style=\"font-weight: 400;\">48 22 789 17 28<\/span><\/p>\n<p><span style=\"font-weight: 400;\">W tytule wiadomo\u015bci wpisz: <\/span><b>Monter instalacji tryskaczowych (k\/m)<\/b><\/p>\n","protected":false},"excerpt":{"rendered":"<p>Praca mobilna \u2013 Warszawa, aglomeracja warszawska i wyjazdy s\u0142u\u017cbowe na terenie Polski O stanowisku Firewall Sp. z o.o. poszukuje os\u00f3b na stanowisko Montera instalacji tryskaczowych (k\/m) do realizacji prac na obiektach komercyjnych i przemys\u0142owych. Szukamy kandydat\u00f3w, kt\u00f3rzy maj\u0105 ju\u017c pierwsze do\u015bwiadczenie w monta\u017cu instalacji i chc\u0105 rozwija\u0107 si\u0119 w stabilnej firmie dzia\u0142aj\u0105cej w bran\u017cy zabezpiecze\u0144 [&hellip;]<\/p>\n","protected":false},"author":1,"featured_media":0,"parent":11112,"menu_order":0,"comment_status":"closed","ping_status":"closed","template":"","meta":{"footnotes":""},"class_list":["post-21433","page","type-page","status-publish","hentry"],"_links":{"self":[{"href":"https:\/\/firewall.net.pl\/index.php\/wp-json\/wp\/v2\/pages\/21433","targetHints":{"allow":["GET"]}}],"collection":[{"href":"https:\/\/firewall.net.pl\/index.php\/wp-json\/wp\/v2\/pages"}],"about":[{"href":"https:\/\/firewall.net.pl\/index.php\/wp-json\/wp\/v2\/types\/page"}],"author":[{"embeddable":true,"href":"https:\/\/firewall.net.pl\/index.php\/wp-json\/wp\/v2\/users\/1"}],"replies":[{"embeddable":true,"href":"https:\/\/firewall.net.pl\/index.php\/wp-json\/wp\/v2\/comments?post=21433"}],"version-history":[{"count":2,"href":"https:\/\/firewall.net.pl\/index.php\/wp-json\/wp\/v2\/pages\/21433\/revisions"}],"predecessor-version":[{"id":22094,"href":"https:\/\/firewall.net.pl\/index.php\/wp-json\/wp\/v2\/pages\/21433\/revisions\/22094"}],"up":[{"embeddable":true,"href":"https:\/\/firewall.net.pl\/index.php\/wp-json\/wp\/v2\/pages\/11112"}],"wp:attachment":[{"href":"https:\/\/firewall.net.pl\/index.php\/wp-json\/wp\/v2\/media?parent=21433"}],"curies":[{"name":"wp","href":"https:\/\/api.w.org\/{rel}","templated":true}]}}