{"id":21458,"date":"2026-03-31T13:52:50","date_gmt":"2026-03-31T13:52:50","guid":{"rendered":"https:\/\/gpsmdlngbf.cfolks.pl\/?page_id=21458"},"modified":"2026-03-31T13:52:50","modified_gmt":"2026-03-31T13:52:50","slug":"polityka-cookies","status":"publish","type":"page","link":"https:\/\/firewall.net.pl\/index.php\/polityka-cookies\/","title":{"rendered":"Polityka Cookies"},"content":{"rendered":"<p><span style=\"font-weight: 400;\">Wykorzystujemy informacje zapisane za pomoc\u0105 plik\u00f3w cookie oraz podobnych technologii w celu realizacji us\u0142ug dost\u0119pnych na naszej stronie, optymalizacji jej tre\u015bci, oferowania funkcji spo\u0142eczno\u015bciowych i analizy ruchu w naszej witrynie. Informacje o tym, jak korzystaj\u0105 Pa\u0144stwo z naszej witryny, udost\u0119pniamy partnerom spo\u0142eczno\u015bciowym, reklamowym i analitycznym. Partnerzy mog\u0105 po\u0142\u0105czy\u0107 te informacje z innymi danymi otrzymanymi od Pa\u0144stwa lub uzyskanymi podczas korzystania z ich us\u0142ug. Klikaj\u0105c \u201eAKCEPTUJ\u0118\u201d zgadzaj\u0105 si\u0119 Pa\u0144stwo na przechowywanie plik\u00f3w cookie na Pa\u0144stwa urz\u0105dzeniu. Mog\u0105 Pa\u0144stwo te\u017c odm\u00f3wi\u0107 zgody (w\u00f3wczas zapisywane b\u0119d\u0105 wy\u0142\u0105cznie pliki techniczne niezb\u0119dne do funkcjonowania strony) lub ograniczy\u0107 jej zakres ustawiaj\u0105c odpowiednie preferencje. W ka\u017cdej chwili mo\u017cna zmieni\u0107 te ustawienia. Administratorem Pa\u0144stwa danych jest <\/span><b>FIRE-WALL Sp\u00f3\u0142ka z Ograniczon\u0105 Odpowiedzialno\u015bci\u0105 Sp\u00f3\u0142ka Komandytowa (05-420) przy ul.\u00a0Marsza\u0142ka Pi\u0142sudskiego 17B<\/b><span style=\"font-weight: 400;\">. Wi\u0119cej informacji o\u00a0przetwarzaniu danych osobowych oraz mechanizmie plik\u00f3w cookie znajd\u0105 Pa\u0144stwo w\u00a0<\/span><b>Polityce prywatno\u015bci<\/b><span style=\"font-weight: 400;\">.<\/span><\/p>\n<p>&nbsp;<\/p>\n<table>\n<tbody>\n<tr>\n<td><b>AKCEPTUJ\u0118<\/b><\/td>\n<td><b>ODM\u00d3W<\/b><\/td>\n<td><b>PREFERENCJE<\/b><\/td>\n<\/tr>\n<\/tbody>\n<\/table>\n<p>&nbsp;<\/p>\n<p><b>ROZWINI\u0118CIE DO PREFERENCJE\u00a0<\/b><\/p>\n<p><b>Niezb\u0119dne <\/b> <b>zawsze aktywne\u00a0<\/b><\/p>\n<p><b>Statystyka<\/b> <b>on\/off<\/b><\/p>\n<p><span style=\"font-weight: 400;\">Te pliki cookie umo\u017cliwiaj\u0105 zbieranie danych w celu analizy ruchu na stronie internetowej, tworzenia statystyk, oceny i usprawnienia dzia\u0142ania strony internetowej na podstawie analizy tych danych.<\/span><\/p>\n<p><b>Marketing<\/b> <b>on\/off<\/b><\/p>\n<p><span style=\"font-weight: 400;\">Te pliki cookie s\u0105 wykorzystywane do tworzenia profilu u\u017cytkownika w celu wysy\u0142ania reklam lub \u015bledzenia u\u017cytkownika na stronie internetowej lub na kilku stronach internetowych w podobnych celach marketingowych, w tym przez naszych partner\u00f3w reklamowych za po\u015brednictwem naszej strony internetowej<\/span><\/p>\n<p><b>AKCEPTUJE <\/b> <b>ODM\u00d3W <\/b> <b>ZOBACZ PREFERENCJE<\/b><\/p>\n<p><b>ZAPISZ PREFERENCJE\u00a0<\/b><\/p>\n<p>&nbsp;<\/p>\n<p><b>CIASTECZKA &#8211; TWOJA PRYWATNO\u015a\u0106<\/b><\/p>\n<p>&nbsp;<\/p>\n<p><span style=\"font-weight: 400;\">Poni\u017cej mo\u017cesz zmieni\u0107 ustawienia plik\u00f3w cookies. Korzystanie przez nas i naszych partner\u00f3w z opcjonalnych plik\u00f3w cookie, w tym analitycznych i marketingowych, wymaga Twojej zgody. W ramach cookies marketingowych wydzielili\u015bmy dwie kategorie: reklamowe (zwi\u0105zane z wy\u015bwietlaniem reklam w zwi\u0105zku z korzystaniem ze stron internetowych) oraz medi\u00f3w spo\u0142eczno\u015bciowych (pozwalaj\u0105ce na docieranie do Ciebie ze spersonalizowan\u0105 reklam\u0105 w portalach spo\u0142eczno\u015bciowych). Wi\u0119cej informacji o poszczeg\u00f3lnych kategoriach plik\u00f3w cookie, kt\u00f3re stosujemy w serwisie, znajdziesz poni\u017cej.<\/span><\/p>\n<p><span style=\"font-weight: 400;\">Je\u015bli chcesz zaakceptowa\u0107 wszystkie pliki cookie, kliknij \u201eAKCEPTUJ\u0118\u201d. Je\u015bli chcesz, \u017ceby\u015bmy stosowali tylko niezb\u0119dne pliki cookie, kliknij \u201eODM\u00d3W\u201d. Aby zmieni\u0107 preferencje plik\u00f3w cookie nale\u017cy nacisn\u0105\u0107 \u201ePREFERENCJE\u201d, przesun\u0105\u0107 suwak przy wybranej kategorii, a nast\u0119pnie klikn\u0105\u0107 \u201eZAPISZ PREFERENCJE\u201d. Masz dost\u0119p do swoich ustawie\u0144 i mo\u017cesz je zmieni\u0107 w dowolnym czasie.<\/span><\/p>\n<p><span style=\"font-weight: 400;\">Korzystanie z plik\u00f3w cookie wi\u0105\u017ce si\u0119 z przetwarzaniem danych osobowych dotycz\u0105cych Twojej aktywno\u015bci w serwisie. Szczeg\u00f3\u0142owe informacje o sposobie, w jaki my i nasi partnerzy u\u017cywamy plik\u00f3w cookie oraz przetwarzamy Twoje dane, a tak\u017ce o przys\u0142uguj\u0105cych Ci prawach, znajdziesz w naszej Polityce prywatno\u015bci.<\/span><\/p>\n<p><b>&#8211; Niezb\u0119dne pliki cookie<\/b><span style=\"font-weight: 400;\">\u00a0\u2013 zapewniaj\u0105 prawid\u0142owe funkcjonowanie Serwisu i jego podstawowych funkcji. Bez nich nie mo\u017cna prawid\u0142owo korzysta\u0107 z Serwisu. Te pliki cookie zwolnione s\u0105 z\u00a0obowi\u0105zku uzyskania zgody U\u017cytkownika; Mog\u0105 Pa\u0144stwo zmieni\u0107 ustawienia swojej przegl\u0105darki tak, aby je zablokowa\u0107, jednak Serwis nie b\u0119dzie wtedy funkcjonowa\u0142 prawid\u0142owo.<\/span><\/p>\n<p><b>&#8211; Analityczne (statystyczne) pliki cookie<\/b><span style=\"font-weight: 400;\">\u00a0\u2013 umo\u017cliwiaj\u0105 zbieranie danych analitycznych, czyli liczenie ods\u0142on i ruchu na stronie, co pozwala Administratorowi oceni\u0107 i usprawni\u0107 jej dzia\u0142anie oraz pozwala na tworzenie statystyk, kt\u00f3re pomagaj\u0105 zrozumie\u0107, w jaki spos\u00f3b U\u017cytkownicy Serwisu korzystaj\u0105 ze strony internetowej w celu wprowadzenia ulepsze\u0144 na podstawie analizy tych danych. W celu przetwarzania tych plik\u00f3w Administrator potrzebuje Pa\u0144stwa zgody.<\/span><\/p>\n<p><b>&#8211; Marketingowe pliki cookie <\/b><span style=\"font-weight: 400;\">\u2013 te pliki cookie s\u0105 wykorzystywane do tworzenia profilu u\u017cytkownika w celu w celu wy\u015bwietlania mu dopasowanych materia\u0142\u00f3w w sieciach reklamowych, w\u00a0szczeg\u00f3lno\u015bci sieci Google i portalach spo\u0142eczno\u015bciowych. W celu przetwarzania tych plik\u00f3w Administrator potrzebuje Pa\u0144stwa zgody.<\/span><\/p>\n","protected":false},"excerpt":{"rendered":"<p>Wykorzystujemy informacje zapisane za pomoc\u0105 plik\u00f3w cookie oraz podobnych technologii w celu realizacji us\u0142ug dost\u0119pnych na naszej stronie, optymalizacji jej tre\u015bci, oferowania funkcji spo\u0142eczno\u015bciowych i analizy ruchu w naszej witrynie. Informacje o tym, jak korzystaj\u0105 Pa\u0144stwo z naszej witryny, udost\u0119pniamy partnerom spo\u0142eczno\u015bciowym, reklamowym i analitycznym. Partnerzy mog\u0105 po\u0142\u0105czy\u0107 te informacje z innymi danymi otrzymanymi od [&hellip;]<\/p>\n","protected":false},"author":1,"featured_media":0,"parent":0,"menu_order":0,"comment_status":"closed","ping_status":"closed","template":"","meta":{"footnotes":""},"class_list":["post-21458","page","type-page","status-publish","hentry"],"_links":{"self":[{"href":"https:\/\/firewall.net.pl\/index.php\/wp-json\/wp\/v2\/pages\/21458","targetHints":{"allow":["GET"]}}],"collection":[{"href":"https:\/\/firewall.net.pl\/index.php\/wp-json\/wp\/v2\/pages"}],"about":[{"href":"https:\/\/firewall.net.pl\/index.php\/wp-json\/wp\/v2\/types\/page"}],"author":[{"embeddable":true,"href":"https:\/\/firewall.net.pl\/index.php\/wp-json\/wp\/v2\/users\/1"}],"replies":[{"embeddable":true,"href":"https:\/\/firewall.net.pl\/index.php\/wp-json\/wp\/v2\/comments?post=21458"}],"version-history":[{"count":1,"href":"https:\/\/firewall.net.pl\/index.php\/wp-json\/wp\/v2\/pages\/21458\/revisions"}],"predecessor-version":[{"id":21459,"href":"https:\/\/firewall.net.pl\/index.php\/wp-json\/wp\/v2\/pages\/21458\/revisions\/21459"}],"wp:attachment":[{"href":"https:\/\/firewall.net.pl\/index.php\/wp-json\/wp\/v2\/media?parent=21458"}],"curies":[{"name":"wp","href":"https:\/\/api.w.org\/{rel}","templated":true}]}}